{"id":753,"date":"2020-08-02T11:04:21","date_gmt":"2020-08-02T09:04:21","guid":{"rendered":"https:\/\/eu-safety.si\/en\/?page_id=753"},"modified":"2020-08-18T20:25:50","modified_gmt":"2020-08-18T18:25:50","slug":"storitve","status":"publish","type":"page","link":"https:\/\/eu-safety.si\/en\/storitve\/","title":{"rendered":"Storitve"},"content":{"rendered":"\t<section class=\"section\" id=\"section_174804698\">\n\t\t<div class=\"bg section-bg fill bg-fill  bg-loaded\" >\n\n\t\t\t\n\t\t\t\n\t\t\t\n\n\t\t<\/div>\n\n\t\t<div class=\"section-content relative\">\n\t\t\t\n\n  <div class=\"banner has-hover\" id=\"banner-1863432379\">\n          <div class=\"banner-inner fill\">\n        <div class=\"banner-bg fill\" >\n            <div class=\"bg fill bg-fill \"><\/div>\n                        <div class=\"overlay\"><\/div>            \n                    <\/div>\n        <div class=\"banner-layers container\">\n            <div class=\"fill banner-link\"><\/div>            \n   <div id=\"text-box-450966516\" class=\"text-box banner-layer x50 md-x50 lg-x50 y50 md-y50 lg-y50 res-text\">\n                                <div class=\"text dark\">\n              \n              <div class=\"text-inner text-center\">\n                  \n<h2 class=\"uppercase\"><strong>Storitve<\/strong><\/h2>\n<h4>podjetja EU SAFETY d.o.o.<\/p>\n<h4>\n              <\/div>\n           <\/div>\n                            \n<style scope=\"scope\">\n\n#text-box-450966516 {\n  width: 86%;\n}\n#text-box-450966516 .text {\n  font-size: 100%;\n}\n<\/style>\n    <\/div>\n \n        <\/div>\n      <\/div>\n\n            \n<style scope=\"scope\">\n\n#banner-1863432379 {\n  padding-top: 35%;\n}\n#banner-1863432379 .bg.bg-loaded {\n  background-image: url(https:\/\/eu-safety.si\/en\/wp-content\/uploads\/sites\/4\/2020\/08\/PAGE-6-2-1024x540.jpg);\n}\n#banner-1863432379 .overlay {\n  background-color: rgba(0, 121, 223, 0.27);\n}\n#banner-1863432379 .bg {\n  background-position: 0% 51%;\n}\n\n\n@media (min-width:550px) {\n\n  #banner-1863432379 {\n    padding-top: 30%;\n  }\n\n}\n<\/style>\n  <\/div>\n\n\n\t\t<\/div>\n\n\t\t\n<style scope=\"scope\">\n\n#section_174804698 {\n  padding-top: 30px;\n  padding-bottom: 30px;\n}\n<\/style>\n\t<\/section>\n\t\n\t<section class=\"section\" id=\"section_426166249\">\n\t\t<div class=\"bg section-bg fill bg-fill  bg-loaded\" >\n\n\t\t\t\n\t\t\t\n\t\t\t\n\n\t\t<\/div>\n\n\t\t<div class=\"section-content relative\">\n\t\t\t\n<div class=\"row\"  id=\"row-2127963541\">\n\n\t<div class=\"col medium-6 small-12 large-6\"  >\n\t\t<div class=\"col-inner\"  >\n\t\t\t\n\t\t\t\n\n  <div class=\"banner has-hover\" id=\"banner-840270818\">\n          <div class=\"banner-inner fill\">\n        <div class=\"banner-bg fill\" >\n            <div class=\"bg fill bg-fill \"><\/div>\n                                    \n                    <\/div>\n        <div class=\"banner-layers container\">\n            <a class=\"fill\" href=\"#izobrazevanja\"  ><div class=\"fill banner-link\"><\/div><\/a>            \n   <div id=\"text-box-1578587270\" class=\"text-box banner-layer x15 md-x15 lg-x15 y50 md-y50 lg-y50 res-text\">\n                                <div class=\"text dark\">\n              \n              <div class=\"text-inner text-left\">\n                  \n<p><a href=\"#izobrazevanja\"><\/p>\n<h3 class=\"uppercase\"><strong>IZOBRA\u017dEVALNI PROGRAMI PO MERI KUPCA<\/strong><\/h3>\n<p><\/a><\/p>\n              <\/div>\n           <\/div>\n                            \n<style scope=\"scope\">\n\n#text-box-1578587270 {\n  width: 60%;\n}\n#text-box-1578587270 .text {\n  font-size: 100%;\n}\n<\/style>\n    <\/div>\n \n        <\/div>\n      <\/div>\n\n            \n<style scope=\"scope\">\n\n#banner-840270818 {\n  padding-top: 56.25%;\n  background-color: rgb(0, 154, 240);\n}\n<\/style>\n  <\/div>\n\n\n\t\t<\/div>\n\t<\/div>\n\n\t\n\n\t<div class=\"col medium-6 small-12 large-6\"  >\n\t\t<div class=\"col-inner\"  >\n\t\t\t\n\t\t\t\n\n  <div class=\"banner has-hover\" id=\"banner-1108685946\">\n          <div class=\"banner-inner fill\">\n        <div class=\"banner-bg fill\" >\n            <div class=\"bg fill bg-fill \"><\/div>\n                                    \n                    <\/div>\n        <div class=\"banner-layers container\">\n            <a class=\"fill\" href=\"#pregled\"  ><div class=\"fill banner-link\"><\/div><\/a>            \n   <div id=\"text-box-1869801147\" class=\"text-box banner-layer x15 md-x15 lg-x15 y50 md-y50 lg-y50 res-text\">\n                                <div class=\"text dark\">\n              \n              <div class=\"text-inner text-left\">\n                  \n<p><a href=\"#pregled\"><\/p>\n<h3 class=\"uppercase\"><strong>PREGLEDOVANJE VVO IN VVS<\/strong><\/h3>\n<p><\/a><\/p>\n              <\/div>\n           <\/div>\n                            \n<style scope=\"scope\">\n\n#text-box-1869801147 {\n  width: 60%;\n}\n#text-box-1869801147 .text {\n  font-size: 100%;\n}\n<\/style>\n    <\/div>\n \n        <\/div>\n      <\/div>\n\n            \n<style scope=\"scope\">\n\n#banner-1108685946 {\n  padding-top: 56.25%;\n  background-color: rgb(0, 154, 240);\n}\n<\/style>\n  <\/div>\n\n\n\t\t<\/div>\n\t<\/div>\n\n\t\n<\/div>\n\t\t<\/div>\n\n\t\t\n<style scope=\"scope\">\n\n#section_426166249 {\n  padding-top: 30px;\n  padding-bottom: 30px;\n}\n<\/style>\n\t<\/section>\n\t\n\t<section class=\"section\" id=\"section_453095471\">\n\t\t<div class=\"bg section-bg fill bg-fill  bg-loaded\" >\n\n\t\t\t\n\t\t\t\n\t\t\t\n\n\t\t<\/div>\n\n\t\t<div class=\"section-content relative\">\n\t\t\t\n<div class=\"row\"  id=\"row-2129524000\">\n\n\t<div class=\"col small-12 large-12\"  >\n\t\t<div class=\"col-inner\"  >\n\t\t\t\n\t\t\t\n<span class=\"scroll-to\" data-label=\"Scroll to: #izobrazevanja\" data-bullet=\"false\" data-link=\"#izobrazevanja\" data-title=\"Izobrazevanja\"><a name=\"izobrazevanja\"><\/a><\/span>\n<h1 class=\"boxy\">IZOBRA\u017dEVALNI PROGRAMI PO MERI KUPCA<\/h1>\n<p>Podjetje EU SAFETY d.o.o., je specializirano za izvajanje izobra\u017eevanj za varno delo na vi\u0161ini ter v globini.<\/p>\n<h3>ZAKONODAJA<\/h3>\n<p>Zakon o varnosti in zdravju pri delu (Uradni list RS, \u0161t. 43\/11), v 19. \u010dlenu, kot obveznost delodajalca dolo\u010da, da je delodajalec dol\u017ean usposobiti delavce za varno delo. S pomo\u010djo izobra\u017eevalnih programov podjetja EU SAFETY d.o.o., ne boste zadostili samo zakonskih zahtevam, ampak boste svojim zaposlenim omogo\u010dili pridobitev znanja, ki jim bo omogo\u010dilo, da bodo svoje delo lahkoopravljali varno in u\u010dinkovito.<\/p>\n<\/p>\n\t\t<\/div>\n\t<\/div>\n\n\t\n\n\t<div class=\"col medium-8 small-12 large-8\"  >\n\t\t<div class=\"col-inner\"  >\n\t\t\t\n\t\t\t\n<h3>KDO GA IZVAJA?<\/h3>\n<p>Izobra\u017eevanja izvajajo na\u0161i strokovno usposobljeni in\u0161truktorji, v sodelovanju s podjetjem B.S.M.D. d.o.o., ki je imetnik dovoljenja za opravljanje strokovnih nalog na podro\u010dju varnosti in zdravja pri delu, izdanega s strani Ministrstva za delo, dru\u017eino, socialne zadeve in enake mo\u017enosti. Izobra\u017eevanje<br \/>\nopravimo na dejanskih delovnih mestih pri delodajalcu, s \u010dimer zagotovimo, da bodo zaposleni usposobljeni za delo, ki ga dejansko opravljajo.<\/p>\n<\/p>\n<h3>IZOBRA\u017dEVALNI PROGRAM<\/h3>\n<p>Pred pri\u010detkom izobra\u017eevanja v sodelovanju z delodajalcem, glede na njegove potrebe in specifi\u010dnosti delovnih mest, pripravimo prilagojen izobra\u017eevalni program. Na ta na\u010din zagotovimo, da je usposabljanje v najve\u010dji mo\u017eni meri prilagojeno posebnostim, ki se pojavljajo na konkretnih delovnih mestih.\u00a0 Ker \u017eelimo zagotoviti kvalitetno usposabljanje, je maksimalno \u0161tevilo kandidatov na prakti\u010dnem delu omejeno, in sicer na 8 kandidatov na enega in\u0161truktorja oziroma 16 kandidatov na dva in\u0161truktorja.<\/p>\n\t\t<\/div>\n\t<\/div>\n\n\t\n\n\t<div class=\"col medium-4 small-12 large-4\"  >\n\t\t<div class=\"col-inner\"  >\n\t\t\t\n\t\t\t\n\t<div class=\"img has-hover x md-x lg-x y md-y lg-y\" id=\"image_1664676785\">\n\t\t\t\t\t\t\t\t<div class=\"img-inner dark\" >\n\t\t\t<img loading=\"lazy\" decoding=\"async\" width=\"638\" height=\"1024\" src=\"https:\/\/eu-safety.si\/en\/wp-content\/uploads\/sites\/4\/2020\/08\/PAGE-6-1-638x1024.jpg\" class=\"attachment-large size-large\" alt=\"\" srcset=\"https:\/\/eu-safety.si\/en\/wp-content\/uploads\/sites\/4\/2020\/08\/PAGE-6-1-638x1024.jpg 638w, https:\/\/eu-safety.si\/en\/wp-content\/uploads\/sites\/4\/2020\/08\/PAGE-6-1-187x300.jpg 187w, https:\/\/eu-safety.si\/en\/wp-content\/uploads\/sites\/4\/2020\/08\/PAGE-6-1-600x964.jpg 600w, https:\/\/eu-safety.si\/en\/wp-content\/uploads\/sites\/4\/2020\/08\/PAGE-6-1.jpg 721w\" sizes=\"auto, (max-width: 638px) 100vw, 638px\" \/>\t\t\t\t\t\t\t<div class=\"overlay\" style=\"background-color: rgba(41, 166, 255, 0.29)\"><\/div>\n\t\t\t\t\t\t\n\t\t\t\t\t<\/div>\n\t\t\t\t\t\t\t\t\n<style scope=\"scope\">\n\n#image_1664676785 {\n  width: 100%;\n}\n<\/style>\n\t<\/div>\n\t\n\t\t<\/div>\n\t<\/div>\n\n\t\n\n\t<div class=\"col small-12 large-12\"  >\n\t\t<div class=\"col-inner\"  >\n\t\t\t\n\t\t\t\n<h3>CILJ IZOBRA\u017dEVANJA<\/h3>\n<p>Cilj izobra\u017eevanja je zaposlenim posredovati znanje in informacije, ki jih potrebujejo, da bodo delo na vi\u0161ini in v globini lahko opravljali varno. Spoznali bodo ukrepe za varno delo in znali reagirati, \u010de bo do nevarnosti pri\u0161lo.<\/p>\n<h3>KAKO GA IZVAJAMO?<\/h3>\n<p>Izobra\u017eevanje je sestavljeno iz teoreti\u010dnega in prakti\u010dnega dela in zajema tudi pisni ter prakti\u010dni preizkus znanja. Po koncu izobra\u017eevanja za delavce, ki uspe\u0161no opravijo teoreti\u010dni in prakti\u010dni preizkus, pripravimo zapisnik in potrdila o uspe\u0161no opravljenem usposabljanju.<\/p>\n\t\t<\/div>\n\t<\/div>\n\n\t\n<\/div>\n\t\t<\/div>\n\n\t\t\n<style scope=\"scope\">\n\n#section_453095471 {\n  padding-top: 15px;\n  padding-bottom: 15px;\n}\n<\/style>\n\t<\/section>\n\t\n\t<section class=\"section\" id=\"section_1674754451\">\n\t\t<div class=\"bg section-bg fill bg-fill  bg-loaded\" >\n\n\t\t\t\n\t\t\t\n\t\t\t\n\n\t\t<\/div>\n\n\t\t<div class=\"section-content relative\">\n\t\t\t\n<div class=\"row\"  id=\"row-284009066\">\n\n\t<div class=\"col small-12 large-12\"  >\n\t\t<div class=\"col-inner\"  >\n\t\t\t\n\t\t\t\n\t<div class=\"img has-hover x md-x lg-x y md-y lg-y\" id=\"image_1058118543\">\n\t\t\t\t\t\t\t\t<div class=\"img-inner image-cover dark\" style=\"padding-top:30%;\">\n\t\t\t<img loading=\"lazy\" decoding=\"async\" width=\"1020\" height=\"538\" src=\"https:\/\/eu-safety.si\/en\/wp-content\/uploads\/sites\/4\/2020\/08\/PAGE-6-2-1024x540.jpg\" class=\"attachment-large size-large\" alt=\"\" srcset=\"https:\/\/eu-safety.si\/en\/wp-content\/uploads\/sites\/4\/2020\/08\/PAGE-6-2-1024x540.jpg 1024w, https:\/\/eu-safety.si\/en\/wp-content\/uploads\/sites\/4\/2020\/08\/PAGE-6-2-300x158.jpg 300w, https:\/\/eu-safety.si\/en\/wp-content\/uploads\/sites\/4\/2020\/08\/PAGE-6-2-768x405.jpg 768w, https:\/\/eu-safety.si\/en\/wp-content\/uploads\/sites\/4\/2020\/08\/PAGE-6-2-1536x810.jpg 1536w, https:\/\/eu-safety.si\/en\/wp-content\/uploads\/sites\/4\/2020\/08\/PAGE-6-2-600x317.jpg 600w, https:\/\/eu-safety.si\/en\/wp-content\/uploads\/sites\/4\/2020\/08\/PAGE-6-2.jpg 1778w\" sizes=\"auto, (max-width: 1020px) 100vw, 1020px\" \/>\t\t\t\t\t\t\t<div class=\"overlay\" style=\"background-color: rgba(41, 166, 255, 0.29)\"><\/div>\n\t\t\t\t\t\t\n\t\t\t\t\t<\/div>\n\t\t\t\t\t\t\t\t\n<style scope=\"scope\">\n\n#image_1058118543 {\n  width: 100%;\n}\n<\/style>\n\t<\/div>\n\t\n\t\t<\/div>\n\t<\/div>\n\n\t\n<\/div>\n\t\t<\/div>\n\n\t\t\n<style scope=\"scope\">\n\n#section_1674754451 {\n  padding-top: 30px;\n  padding-bottom: 30px;\n}\n<\/style>\n\t<\/section>\n\t\n\t<section class=\"section\" id=\"section_755720584\">\n\t\t<div class=\"bg section-bg fill bg-fill  bg-loaded\" >\n\n\t\t\t\n\t\t\t\n\t\t\t\n\n\t\t<\/div>\n\n\t\t<div class=\"section-content relative\">\n\t\t\t\n<div class=\"row\"  id=\"row-1128799645\">\n\n\t<div class=\"col small-12 large-12\"  >\n\t\t<div class=\"col-inner\"  >\n\t\t\t\n\t\t\t\n<span class=\"scroll-to\" data-label=\"Scroll to: #pregled\" data-bullet=\"false\" data-link=\"#pregled\" data-title=\"pregledovanje vvo vvs\"><a name=\"pregled\"><\/a><\/span>\n<h1 class=\"boxy\">PREGLEDOVANJE VVO IN VVS<\/h1>\n<h3>ZAKONODAJA<\/h3>\n<p>Zakon o varnosti in zdravju pri delu (Uradni list RS, \u0161t. 43\/11), v 19. \u010dlenu, kot obveznost delodajalca dolo\u010da, da je delodajalec dol\u017ean zagotoviti obdobne preglede in preizkuse delovne opreme. Prav tako obvezne periodi\u010dne preglede najmanj enkrat letno, predpisujejo proizvajalci osebne varovalne opreme in vi\u0161inskih varovalnih sistemov za delo na vi\u0161ini, saj gre za opremo in sisteme, ki delavce varuje pred te\u017ejimi po\u0161kodbami in celo smrtjo.<\/p>\n<\/p>\n<h3>ZA KAJ JE POTREBNO POSKRBETI?<\/h3>\n<p>V skladu s tem, je delodajalec enkrat letno dol\u017ean zagotoviti pregled osebne varovalne opreme za delo na vi\u0161ini in vi\u0161inskih varovalnih sistemov. Pregled lahko opravijo poobla\u0161\u010deni, strokovno usposobljeni pregledovalci.\u00a0 V primeru, da delodajalec ne zagotovi predpisanega pregleda in na tej opremi pride do nezgode, se smatra, da je do nezgode pri\u0161lo po krivdi delodajalca, saj proizvajalec za opremo, ki nima rednih periodi\u010dnih pregledov, ne more jam\u010diti.<\/p>\n<\/p>\n\t\t<\/div>\n\t<\/div>\n\n\t\n\n\t<div class=\"col medium-4 small-12 large-4\"  >\n\t\t<div class=\"col-inner\"  >\n\t\t\t\n\t\t\t\n<h3>KDO JIH IZVAJA?<\/h3>\n<p>V podjetju EU SAFETY d.o.o., smo poobla\u0161\u010deni za preglede opreme, ki jih izvajamo z na\u0161im strokovno usposobljenim osebjem.<\/p>\n\t\t<\/div>\n\t<\/div>\n\n\t\n\n\t<div class=\"col medium-8 small-12 large-8\"  >\n\t\t<div class=\"col-inner\"  >\n\t\t\t\n\t\t\t\n\t<div class=\"img has-hover x md-x lg-x y md-y lg-y\" id=\"image_436779933\">\n\t\t\t\t\t\t\t\t<div class=\"img-inner image-cover dark\" style=\"padding-top:40%;\">\n\t\t\t<img loading=\"lazy\" decoding=\"async\" width=\"1020\" height=\"680\" src=\"https:\/\/eu-safety.si\/en\/wp-content\/uploads\/sites\/4\/2020\/08\/inspect-1024x683.png\" class=\"attachment-large size-large\" alt=\"\" srcset=\"https:\/\/eu-safety.si\/en\/wp-content\/uploads\/sites\/4\/2020\/08\/inspect-1024x683.png 1024w, https:\/\/eu-safety.si\/en\/wp-content\/uploads\/sites\/4\/2020\/08\/inspect-300x200.png 300w, https:\/\/eu-safety.si\/en\/wp-content\/uploads\/sites\/4\/2020\/08\/inspect-768x512.png 768w, https:\/\/eu-safety.si\/en\/wp-content\/uploads\/sites\/4\/2020\/08\/inspect-600x400.png 600w, https:\/\/eu-safety.si\/en\/wp-content\/uploads\/sites\/4\/2020\/08\/inspect.png 1027w\" sizes=\"auto, (max-width: 1020px) 100vw, 1020px\" \/>\t\t\t\t\t\t\n\t\t\t\t\t<\/div>\n\t\t\t\t\t\t\t\t\n<style scope=\"scope\">\n\n#image_436779933 {\n  width: 100%;\n}\n<\/style>\n\t<\/div>\n\t\n\t\t<\/div>\n\t<\/div>\n\n\t\n<\/div>\n\t\t<\/div>\n\n\t\t\n<style scope=\"scope\">\n\n#section_755720584 {\n  padding-top: 15px;\n  padding-bottom: 15px;\n}\n<\/style>\n\t<\/section>\n\t\n\t<section class=\"section\" id=\"section_2065707727\">\n\t\t<div class=\"bg section-bg fill bg-fill  bg-loaded\" >\n\n\t\t\t\n\t\t\t\n\t\t\t\n\n\t\t<\/div>\n\n\t\t<div class=\"section-content relative\">\n\t\t\t\n<div class=\"row\"  id=\"row-149258043\">\n\n\t<div class=\"col small-12 large-12\"  >\n\t\t<div class=\"col-inner\"  >\n\t\t\t\n\t\t\t\n<div class=\"row\"  id=\"row-1997302490\">\n\n\t<div class=\"col small-12 large-12\"  >\n\t\t<div class=\"col-inner\"  >\n\t\t\t\n\t\t\t\n<h1 class=\"boxy\" id=\"osebe\">KOMPETENTNE OSEBE<\/h1>\n<p>V podjetju EU SAFETY velik poudarek namenjamo strokovni usposobljenosti na\u0161ega osebja. In\u0161truktorji, ki izvajajo usposabljanja, so vsi ne samo visoko strokovno usposobljeni, ampak imajo poleg tega \u0161e dolgoletne izku\u0161nje, ki jim omogo\u010dajo, da usposabljanje maksimalno prilagodijo dejanskim potrebam delovnega mesta.<\/p>\n<h3>PREDSTAVITEV IN\u0160TRUKTORJEV<\/h3>\n\t\t<\/div>\n\t<\/div>\n\n\t\n\n\n\n<\/div>\n<div class=\"row\"  id=\"row-580880384\">\n\n\t<div class=\"col medium-6 small-12 large-6\"  >\n\t\t<div class=\"col-inner dark\"  >\n\t\t\t\n\t\t\t\n\t<div class=\"box has-hover   has-hover box-text-bottom\" >\n\n\t\t<div class=\"box-image\" >\n\t\t\t\t\t\t<div class=\"\" >\n\t\t\t\t<img loading=\"lazy\" decoding=\"async\" width=\"2560\" height=\"2560\" src=\"https:\/\/eu-safety.si\/en\/wp-content\/uploads\/sites\/4\/2020\/08\/rokteul-scaled.jpeg\" class=\"attachment- size-\" alt=\"\" srcset=\"https:\/\/eu-safety.si\/en\/wp-content\/uploads\/sites\/4\/2020\/08\/rokteul-scaled.jpeg 2560w, https:\/\/eu-safety.si\/en\/wp-content\/uploads\/sites\/4\/2020\/08\/rokteul-300x300.jpeg 300w, https:\/\/eu-safety.si\/en\/wp-content\/uploads\/sites\/4\/2020\/08\/rokteul-1024x1024.jpeg 1024w, https:\/\/eu-safety.si\/en\/wp-content\/uploads\/sites\/4\/2020\/08\/rokteul-150x150.jpeg 150w, https:\/\/eu-safety.si\/en\/wp-content\/uploads\/sites\/4\/2020\/08\/rokteul-768x768.jpeg 768w, https:\/\/eu-safety.si\/en\/wp-content\/uploads\/sites\/4\/2020\/08\/rokteul-1536x1536.jpeg 1536w, https:\/\/eu-safety.si\/en\/wp-content\/uploads\/sites\/4\/2020\/08\/rokteul-2048x2048.jpeg 2048w, https:\/\/eu-safety.si\/en\/wp-content\/uploads\/sites\/4\/2020\/08\/rokteul-600x600.jpeg 600w, https:\/\/eu-safety.si\/en\/wp-content\/uploads\/sites\/4\/2020\/08\/rokteul-100x100.jpeg 100w\" sizes=\"auto, (max-width: 2560px) 100vw, 2560px\" \/>\t\t\t\t\t\t\t\t\t\t\t<\/div>\n\t\t\t\t\t<\/div>\n\n\t\t<div class=\"box-text text-left is-large dark\" style=\"background-color:rgb(0, 154, 240);padding:20px 20px 20px 20px;\">\n\t\t\t<div class=\"box-text-inner\">\n\t\t\t\t\n<h4 style=\"text-align:center !important;\">ROK TEUL<\/h4>\n<ul class=\"instructors\">\n<li>Aktivni alpinist in gorski re\u0161evalec z ve\u010d kot 20 letnimi izku\u0161njami.<\/li>\n<li>Razli\u010dne vrvne tehnike pri delu na vi\u0161ini in globini je nadgrajeval pri gradnji do\u017eivljajskih parkov in drugih tehni\u010dnih projektih.<\/li>\n<li>Predstavitev pravilnih tehnik re\u0161evanja in nudenje prve pomo\u010di ob nesre\u010dah so njegova<br \/>\nspecialnost.<\/li>\n<\/ul>\n\t\t\t<\/div>\n\t\t<\/div>\n\t<\/div>\n\t\n\t\t<\/div>\n\t<\/div>\n\n\t\n\n\t<div class=\"col medium-6 small-12 large-6\"  >\n\t\t<div class=\"col-inner dark\"  >\n\t\t\t\n\t\t\t\n\t<div class=\"box has-hover   has-hover box-text-bottom\" >\n\n\t\t<div class=\"box-image\" >\n\t\t\t\t\t\t<div class=\"\" >\n\t\t\t\t<img loading=\"lazy\" decoding=\"async\" width=\"2560\" height=\"2560\" src=\"https:\/\/eu-safety.si\/en\/wp-content\/uploads\/sites\/4\/2020\/08\/jurejakopic-scaled.jpg\" class=\"attachment- size-\" alt=\"\" srcset=\"https:\/\/eu-safety.si\/en\/wp-content\/uploads\/sites\/4\/2020\/08\/jurejakopic-scaled.jpg 2560w, https:\/\/eu-safety.si\/en\/wp-content\/uploads\/sites\/4\/2020\/08\/jurejakopic-300x300.jpg 300w, https:\/\/eu-safety.si\/en\/wp-content\/uploads\/sites\/4\/2020\/08\/jurejakopic-1024x1024.jpg 1024w, https:\/\/eu-safety.si\/en\/wp-content\/uploads\/sites\/4\/2020\/08\/jurejakopic-150x150.jpg 150w, https:\/\/eu-safety.si\/en\/wp-content\/uploads\/sites\/4\/2020\/08\/jurejakopic-768x768.jpg 768w, https:\/\/eu-safety.si\/en\/wp-content\/uploads\/sites\/4\/2020\/08\/jurejakopic-1536x1536.jpg 1536w, https:\/\/eu-safety.si\/en\/wp-content\/uploads\/sites\/4\/2020\/08\/jurejakopic-2048x2048.jpg 2048w, https:\/\/eu-safety.si\/en\/wp-content\/uploads\/sites\/4\/2020\/08\/jurejakopic-600x600.jpg 600w, https:\/\/eu-safety.si\/en\/wp-content\/uploads\/sites\/4\/2020\/08\/jurejakopic-100x100.jpg 100w\" sizes=\"auto, (max-width: 2560px) 100vw, 2560px\" \/>\t\t\t\t\t\t\t\t\t\t\t<\/div>\n\t\t\t\t\t<\/div>\n\n\t\t<div class=\"box-text text-left is-large dark\" style=\"background-color:rgb(0, 154, 240);padding:20px 20px 20px 20px;\">\n\t\t\t<div class=\"box-text-inner\">\n\t\t\t\t\n<h4 style=\"text-align:center !important;\">JURE JAKOPI\u010c<\/h4>\n<ul class=\"instructors\">\n<li>Poveljnik gasilske enote na Vrhniki, kjer imajo specializirano ekipo za re\u0161evanje iz vi\u0161in in globin.<\/li>\n<li>V letu 2019 opravljen te\u010daj IRATA 1. stopnja.<\/li>\n<li>Opravljen te\u010daj za re\u0161evanje iz vi\u0161in in globin.<\/li>\n<\/ul>\n\t\t\t<\/div>\n\t\t<\/div>\n\t<\/div>\n\t\n\t\t<\/div>\n\t<\/div>\n\n\t\n<\/div>\n\t\t<\/div>\n\t<\/div>\n\n\t\n<\/div>\n\t\t<\/div>\n\n\t\t\n<style scope=\"scope\">\n\n#section_2065707727 {\n  padding-top: 30px;\n  padding-bottom: 30px;\n}\n<\/style>\n\t<\/section>\n\t\n","protected":false},"excerpt":{"rendered":"","protected":false},"author":1,"featured_media":0,"parent":0,"menu_order":0,"comment_status":"closed","ping_status":"closed","template":"page-blank.php","meta":{"_acf_changed":false,"footnotes":""},"class_list":["post-753","page","type-page","status-publish","hentry"],"yoast_head":"<!-- This site is optimized with the Yoast SEO plugin v24.2 - https:\/\/yoast.com\/wordpress\/plugins\/seo\/ -->\n<title>Storitve - Eusafety EN<\/title>\n<meta name=\"robots\" content=\"noindex, follow, max-snippet:-1, max-image-preview:large, max-video-preview:-1\" \/>\n<meta property=\"og:locale\" content=\"en_US\" \/>\n<meta property=\"og:type\" content=\"article\" \/>\n<meta property=\"og:title\" content=\"Storitve - Eusafety EN\" \/>\n<meta property=\"og:url\" content=\"https:\/\/eu-safety.si\/en\/storitve\/\" \/>\n<meta property=\"og:site_name\" content=\"Eusafety EN\" \/>\n<meta property=\"article:modified_time\" content=\"2020-08-18T18:25:50+00:00\" \/>\n<meta name=\"twitter:card\" content=\"summary_large_image\" \/>\n<meta name=\"twitter:label1\" content=\"Est. reading time\" \/>\n\t<meta name=\"twitter:data1\" content=\"6 minutes\" \/>\n<script type=\"application\/ld+json\" class=\"yoast-schema-graph\">{\"@context\":\"https:\/\/schema.org\",\"@graph\":[{\"@type\":\"WebPage\",\"@id\":\"https:\/\/eu-safety.si\/en\/storitve\/\",\"url\":\"https:\/\/eu-safety.si\/en\/storitve\/\",\"name\":\"Storitve - Eusafety EN\",\"isPartOf\":{\"@id\":\"https:\/\/eu-safety.si\/en\/#website\"},\"datePublished\":\"2020-08-02T09:04:21+00:00\",\"dateModified\":\"2020-08-18T18:25:50+00:00\",\"breadcrumb\":{\"@id\":\"https:\/\/eu-safety.si\/en\/storitve\/#breadcrumb\"},\"inLanguage\":\"en-US\",\"potentialAction\":[{\"@type\":\"ReadAction\",\"target\":[\"https:\/\/eu-safety.si\/en\/storitve\/\"]}]},{\"@type\":\"BreadcrumbList\",\"@id\":\"https:\/\/eu-safety.si\/en\/storitve\/#breadcrumb\",\"itemListElement\":[{\"@type\":\"ListItem\",\"position\":1,\"name\":\"Home\",\"item\":\"https:\/\/eu-safety.si\/en\/\"},{\"@type\":\"ListItem\",\"position\":2,\"name\":\"Storitve\"}]},{\"@type\":\"WebSite\",\"@id\":\"https:\/\/eu-safety.si\/en\/#website\",\"url\":\"https:\/\/eu-safety.si\/en\/\",\"name\":\"Eusafety EN\",\"description\":\"Fall protection\",\"potentialAction\":[{\"@type\":\"SearchAction\",\"target\":{\"@type\":\"EntryPoint\",\"urlTemplate\":\"https:\/\/eu-safety.si\/en\/?s={search_term_string}\"},\"query-input\":{\"@type\":\"PropertyValueSpecification\",\"valueRequired\":true,\"valueName\":\"search_term_string\"}}],\"inLanguage\":\"en-US\"}]}<\/script>\n<!-- \/ Yoast SEO plugin. -->","yoast_head_json":{"title":"Storitve - Eusafety EN","robots":{"index":"noindex","follow":"follow","max-snippet":"max-snippet:-1","max-image-preview":"max-image-preview:large","max-video-preview":"max-video-preview:-1"},"og_locale":"en_US","og_type":"article","og_title":"Storitve - Eusafety EN","og_url":"https:\/\/eu-safety.si\/en\/storitve\/","og_site_name":"Eusafety EN","article_modified_time":"2020-08-18T18:25:50+00:00","twitter_card":"summary_large_image","twitter_misc":{"Est. reading time":"6 minutes"},"schema":{"@context":"https:\/\/schema.org","@graph":[{"@type":"WebPage","@id":"https:\/\/eu-safety.si\/en\/storitve\/","url":"https:\/\/eu-safety.si\/en\/storitve\/","name":"Storitve - Eusafety EN","isPartOf":{"@id":"https:\/\/eu-safety.si\/en\/#website"},"datePublished":"2020-08-02T09:04:21+00:00","dateModified":"2020-08-18T18:25:50+00:00","breadcrumb":{"@id":"https:\/\/eu-safety.si\/en\/storitve\/#breadcrumb"},"inLanguage":"en-US","potentialAction":[{"@type":"ReadAction","target":["https:\/\/eu-safety.si\/en\/storitve\/"]}]},{"@type":"BreadcrumbList","@id":"https:\/\/eu-safety.si\/en\/storitve\/#breadcrumb","itemListElement":[{"@type":"ListItem","position":1,"name":"Home","item":"https:\/\/eu-safety.si\/en\/"},{"@type":"ListItem","position":2,"name":"Storitve"}]},{"@type":"WebSite","@id":"https:\/\/eu-safety.si\/en\/#website","url":"https:\/\/eu-safety.si\/en\/","name":"Eusafety EN","description":"Fall protection","potentialAction":[{"@type":"SearchAction","target":{"@type":"EntryPoint","urlTemplate":"https:\/\/eu-safety.si\/en\/?s={search_term_string}"},"query-input":{"@type":"PropertyValueSpecification","valueRequired":true,"valueName":"search_term_string"}}],"inLanguage":"en-US"}]}},"acf":[],"_links":{"self":[{"href":"https:\/\/eu-safety.si\/en\/wp-json\/wp\/v2\/pages\/753","targetHints":{"allow":["GET"]}}],"collection":[{"href":"https:\/\/eu-safety.si\/en\/wp-json\/wp\/v2\/pages"}],"about":[{"href":"https:\/\/eu-safety.si\/en\/wp-json\/wp\/v2\/types\/page"}],"author":[{"embeddable":true,"href":"https:\/\/eu-safety.si\/en\/wp-json\/wp\/v2\/users\/1"}],"replies":[{"embeddable":true,"href":"https:\/\/eu-safety.si\/en\/wp-json\/wp\/v2\/comments?post=753"}],"version-history":[{"count":63,"href":"https:\/\/eu-safety.si\/en\/wp-json\/wp\/v2\/pages\/753\/revisions"}],"predecessor-version":[{"id":1147,"href":"https:\/\/eu-safety.si\/en\/wp-json\/wp\/v2\/pages\/753\/revisions\/1147"}],"wp:attachment":[{"href":"https:\/\/eu-safety.si\/en\/wp-json\/wp\/v2\/media?parent=753"}],"curies":[{"name":"wp","href":"https:\/\/api.w.org\/{rel}","templated":true}]}}