{"id":841,"date":"2020-08-03T19:59:47","date_gmt":"2020-08-03T17:59:47","guid":{"rendered":"https:\/\/eu-safety.si\/en\/?post_type=product&#038;p=841"},"modified":"2020-08-12T10:53:23","modified_gmt":"2020-08-12T08:53:23","slug":"resevalni-trikot-rescue-y-pad-806","status":"publish","type":"product","link":"https:\/\/eu-safety.si\/en\/trgovina\/fall-protection-equipment\/rescue\/rescue-harness-and-y-pad\/resevalni-trikot-rescue-y-pad-806\/","title":{"rendered":"Re\u0161evalni trikot RESCUE Y-PAD (806)"},"content":{"rendered":"","protected":false},"excerpt":{"rendered":"<table id=\"vertical-1\">\n<tbody>\n<tr>\n<th>Dol\u017eina<\/th>\n<td>0,6 m<\/td>\n<\/tr>\n<tr>\n<th>Te\u017ea<\/th>\n<td>0,85 kg<\/td>\n<\/tr>\n<tr>\n<th>Koda<\/th>\n<td>10349FS1500<\/td>\n<\/tr>\n<\/tbody>\n<\/table>\n","protected":false},"featured_media":986,"template":"","meta":{"_acf_changed":false},"product_cat":[15,137,143],"product_tag":[],"class_list":{"0":"post-841","1":"product","2":"type-product","3":"status-publish","4":"has-post-thumbnail","6":"product_cat-fall-protection-equipment","7":"product_cat-rescue","8":"product_cat-rescue-harness-and-y-pad","10":"first","11":"instock","12":"shipping-taxable","13":"purchasable","14":"product-type-simple"},"yoast_head":"<!-- This site is optimized with the Yoast SEO plugin v24.2 - https:\/\/yoast.com\/wordpress\/plugins\/seo\/ -->\n<title>Re\u0161evalni trikot RESCUE Y-PAD (806) - Eusafety EN<\/title>\n<meta name=\"robots\" content=\"noindex, follow, max-snippet:-1, max-image-preview:large, max-video-preview:-1\" \/>\n<meta property=\"og:locale\" content=\"en_US\" \/>\n<meta property=\"og:type\" content=\"article\" \/>\n<meta property=\"og:title\" content=\"Re\u0161evalni trikot RESCUE Y-PAD (806) - Eusafety EN\" \/>\n<meta property=\"og:description\" content=\"Dol\u017eina 0,6 m   Te\u017ea 0,85 kg   Koda 10349FS1500\" \/>\n<meta property=\"og:url\" content=\"https:\/\/eu-safety.si\/en\/trgovina\/fall-protection-equipment\/rescue\/rescue-harness-and-y-pad\/resevalni-trikot-rescue-y-pad-806\/\" \/>\n<meta property=\"og:site_name\" content=\"Eusafety EN\" \/>\n<meta property=\"article:modified_time\" content=\"2020-08-12T08:53:23+00:00\" \/>\n<meta property=\"og:image\" content=\"https:\/\/eu-safety.si\/en\/wp-content\/uploads\/sites\/4\/2020\/08\/fs806.1.jpg\" \/>\n\t<meta property=\"og:image:width\" content=\"300\" \/>\n\t<meta property=\"og:image:height\" content=\"450\" \/>\n\t<meta property=\"og:image:type\" content=\"image\/jpeg\" \/>\n<meta name=\"twitter:card\" content=\"summary_large_image\" \/>\n<script type=\"application\/ld+json\" class=\"yoast-schema-graph\">{\"@context\":\"https:\/\/schema.org\",\"@graph\":[{\"@type\":\"WebPage\",\"@id\":\"https:\/\/eu-safety.si\/en\/trgovina\/fall-protection-equipment\/rescue\/rescue-harness-and-y-pad\/resevalni-trikot-rescue-y-pad-806\/\",\"url\":\"https:\/\/eu-safety.si\/en\/trgovina\/fall-protection-equipment\/rescue\/rescue-harness-and-y-pad\/resevalni-trikot-rescue-y-pad-806\/\",\"name\":\"Re\u0161evalni trikot RESCUE Y-PAD (806) - Eusafety EN\",\"isPartOf\":{\"@id\":\"https:\/\/eu-safety.si\/en\/#website\"},\"primaryImageOfPage\":{\"@id\":\"https:\/\/eu-safety.si\/en\/trgovina\/fall-protection-equipment\/rescue\/rescue-harness-and-y-pad\/resevalni-trikot-rescue-y-pad-806\/#primaryimage\"},\"image\":{\"@id\":\"https:\/\/eu-safety.si\/en\/trgovina\/fall-protection-equipment\/rescue\/rescue-harness-and-y-pad\/resevalni-trikot-rescue-y-pad-806\/#primaryimage\"},\"thumbnailUrl\":\"https:\/\/eu-safety.si\/en\/wp-content\/uploads\/sites\/4\/2020\/08\/fs806.1.jpg\",\"datePublished\":\"2020-08-03T17:59:47+00:00\",\"dateModified\":\"2020-08-12T08:53:23+00:00\",\"breadcrumb\":{\"@id\":\"https:\/\/eu-safety.si\/en\/trgovina\/fall-protection-equipment\/rescue\/rescue-harness-and-y-pad\/resevalni-trikot-rescue-y-pad-806\/#breadcrumb\"},\"inLanguage\":\"en-US\",\"potentialAction\":[{\"@type\":\"ReadAction\",\"target\":[\"https:\/\/eu-safety.si\/en\/trgovina\/fall-protection-equipment\/rescue\/rescue-harness-and-y-pad\/resevalni-trikot-rescue-y-pad-806\/\"]}]},{\"@type\":\"ImageObject\",\"inLanguage\":\"en-US\",\"@id\":\"https:\/\/eu-safety.si\/en\/trgovina\/fall-protection-equipment\/rescue\/rescue-harness-and-y-pad\/resevalni-trikot-rescue-y-pad-806\/#primaryimage\",\"url\":\"https:\/\/eu-safety.si\/en\/wp-content\/uploads\/sites\/4\/2020\/08\/fs806.1.jpg\",\"contentUrl\":\"https:\/\/eu-safety.si\/en\/wp-content\/uploads\/sites\/4\/2020\/08\/fs806.1.jpg\",\"width\":300,\"height\":450},{\"@type\":\"BreadcrumbList\",\"@id\":\"https:\/\/eu-safety.si\/en\/trgovina\/fall-protection-equipment\/rescue\/rescue-harness-and-y-pad\/resevalni-trikot-rescue-y-pad-806\/#breadcrumb\",\"itemListElement\":[{\"@type\":\"ListItem\",\"position\":1,\"name\":\"Home\",\"item\":\"https:\/\/eu-safety.si\/en\/\"},{\"@type\":\"ListItem\",\"position\":2,\"name\":\"Izdelki\",\"item\":\"https:\/\/eu-safety.si\/en\/shop\/\"},{\"@type\":\"ListItem\",\"position\":3,\"name\":\"Re\u0161evalni trikot RESCUE Y-PAD (806)\"}]},{\"@type\":\"WebSite\",\"@id\":\"https:\/\/eu-safety.si\/en\/#website\",\"url\":\"https:\/\/eu-safety.si\/en\/\",\"name\":\"Eusafety EN\",\"description\":\"Fall protection\",\"potentialAction\":[{\"@type\":\"SearchAction\",\"target\":{\"@type\":\"EntryPoint\",\"urlTemplate\":\"https:\/\/eu-safety.si\/en\/?s={search_term_string}\"},\"query-input\":{\"@type\":\"PropertyValueSpecification\",\"valueRequired\":true,\"valueName\":\"search_term_string\"}}],\"inLanguage\":\"en-US\"}]}<\/script>\n<!-- \/ Yoast SEO plugin. -->","yoast_head_json":{"title":"Re\u0161evalni trikot RESCUE Y-PAD (806) - Eusafety EN","robots":{"index":"noindex","follow":"follow","max-snippet":"max-snippet:-1","max-image-preview":"max-image-preview:large","max-video-preview":"max-video-preview:-1"},"og_locale":"en_US","og_type":"article","og_title":"Re\u0161evalni trikot RESCUE Y-PAD (806) - Eusafety EN","og_description":"Dol\u017eina 0,6 m   Te\u017ea 0,85 kg   Koda 10349FS1500","og_url":"https:\/\/eu-safety.si\/en\/trgovina\/fall-protection-equipment\/rescue\/rescue-harness-and-y-pad\/resevalni-trikot-rescue-y-pad-806\/","og_site_name":"Eusafety EN","article_modified_time":"2020-08-12T08:53:23+00:00","og_image":[{"width":300,"height":450,"url":"https:\/\/eu-safety.si\/en\/wp-content\/uploads\/sites\/4\/2020\/08\/fs806.1.jpg","type":"image\/jpeg"}],"twitter_card":"summary_large_image","schema":{"@context":"https:\/\/schema.org","@graph":[{"@type":"WebPage","@id":"https:\/\/eu-safety.si\/en\/trgovina\/fall-protection-equipment\/rescue\/rescue-harness-and-y-pad\/resevalni-trikot-rescue-y-pad-806\/","url":"https:\/\/eu-safety.si\/en\/trgovina\/fall-protection-equipment\/rescue\/rescue-harness-and-y-pad\/resevalni-trikot-rescue-y-pad-806\/","name":"Re\u0161evalni trikot RESCUE Y-PAD (806) - Eusafety EN","isPartOf":{"@id":"https:\/\/eu-safety.si\/en\/#website"},"primaryImageOfPage":{"@id":"https:\/\/eu-safety.si\/en\/trgovina\/fall-protection-equipment\/rescue\/rescue-harness-and-y-pad\/resevalni-trikot-rescue-y-pad-806\/#primaryimage"},"image":{"@id":"https:\/\/eu-safety.si\/en\/trgovina\/fall-protection-equipment\/rescue\/rescue-harness-and-y-pad\/resevalni-trikot-rescue-y-pad-806\/#primaryimage"},"thumbnailUrl":"https:\/\/eu-safety.si\/en\/wp-content\/uploads\/sites\/4\/2020\/08\/fs806.1.jpg","datePublished":"2020-08-03T17:59:47+00:00","dateModified":"2020-08-12T08:53:23+00:00","breadcrumb":{"@id":"https:\/\/eu-safety.si\/en\/trgovina\/fall-protection-equipment\/rescue\/rescue-harness-and-y-pad\/resevalni-trikot-rescue-y-pad-806\/#breadcrumb"},"inLanguage":"en-US","potentialAction":[{"@type":"ReadAction","target":["https:\/\/eu-safety.si\/en\/trgovina\/fall-protection-equipment\/rescue\/rescue-harness-and-y-pad\/resevalni-trikot-rescue-y-pad-806\/"]}]},{"@type":"ImageObject","inLanguage":"en-US","@id":"https:\/\/eu-safety.si\/en\/trgovina\/fall-protection-equipment\/rescue\/rescue-harness-and-y-pad\/resevalni-trikot-rescue-y-pad-806\/#primaryimage","url":"https:\/\/eu-safety.si\/en\/wp-content\/uploads\/sites\/4\/2020\/08\/fs806.1.jpg","contentUrl":"https:\/\/eu-safety.si\/en\/wp-content\/uploads\/sites\/4\/2020\/08\/fs806.1.jpg","width":300,"height":450},{"@type":"BreadcrumbList","@id":"https:\/\/eu-safety.si\/en\/trgovina\/fall-protection-equipment\/rescue\/rescue-harness-and-y-pad\/resevalni-trikot-rescue-y-pad-806\/#breadcrumb","itemListElement":[{"@type":"ListItem","position":1,"name":"Home","item":"https:\/\/eu-safety.si\/en\/"},{"@type":"ListItem","position":2,"name":"Izdelki","item":"https:\/\/eu-safety.si\/en\/shop\/"},{"@type":"ListItem","position":3,"name":"Re\u0161evalni trikot RESCUE Y-PAD (806)"}]},{"@type":"WebSite","@id":"https:\/\/eu-safety.si\/en\/#website","url":"https:\/\/eu-safety.si\/en\/","name":"Eusafety EN","description":"Fall protection","potentialAction":[{"@type":"SearchAction","target":{"@type":"EntryPoint","urlTemplate":"https:\/\/eu-safety.si\/en\/?s={search_term_string}"},"query-input":{"@type":"PropertyValueSpecification","valueRequired":true,"valueName":"search_term_string"}}],"inLanguage":"en-US"}]}},"acf":[],"_links":{"self":[{"href":"https:\/\/eu-safety.si\/en\/wp-json\/wp\/v2\/product\/841","targetHints":{"allow":["GET"]}}],"collection":[{"href":"https:\/\/eu-safety.si\/en\/wp-json\/wp\/v2\/product"}],"about":[{"href":"https:\/\/eu-safety.si\/en\/wp-json\/wp\/v2\/types\/product"}],"wp:featuredmedia":[{"embeddable":true,"href":"https:\/\/eu-safety.si\/en\/wp-json\/wp\/v2\/media\/986"}],"wp:attachment":[{"href":"https:\/\/eu-safety.si\/en\/wp-json\/wp\/v2\/media?parent=841"}],"wp:term":[{"taxonomy":"product_cat","embeddable":true,"href":"https:\/\/eu-safety.si\/en\/wp-json\/wp\/v2\/product_cat?post=841"},{"taxonomy":"product_tag","embeddable":true,"href":"https:\/\/eu-safety.si\/en\/wp-json\/wp\/v2\/product_tag?post=841"}],"curies":[{"name":"wp","href":"https:\/\/api.w.org\/{rel}","templated":true}]}}