{"id":853,"date":"2020-08-03T20:36:00","date_gmt":"2020-08-03T18:36:00","guid":{"rendered":"https:\/\/eu-safety.si\/en\/?post_type=product&#038;p=853"},"modified":"2020-08-03T21:07:33","modified_gmt":"2020-08-03T19:07:33","slug":"horizontalni-visinski-varovalni-sistem-brez-prepenjanja","status":"publish","type":"product","link":"https:\/\/eu-safety.si\/en\/trgovina\/lifeline-systems\/horizontal-lifeline-system\/aio\/horizontalni-visinski-varovalni-sistem-brez-prepenjanja\/","title":{"rendered":"Horizontalni vi\u0161inski varovalni sistem brez prepenjanja"},"content":{"rendered":"","protected":false},"excerpt":{"rendered":"<p>ALLinONE vi\u0161inski varovalni sistem podjetja INNOTECH\u00ae, je bil razvit kot sistem za omejevanje gibanja, zaustavitev padca in re\u0161evanje. Ta dobro zasnovan, visokotehnolo\u0161ki koncept je primeren za kompleksne gradbene in fasadne konstrukcije in ga je mogo\u010de optimalno pritrditi na zelo razli\u010dne konstrukcije. Posamezni elementi sistema omogo\u010dajo enostavno namestitev in brez napak. Inovativna zasnova omogo\u010da, da se vi\u0161inski varovalni sistem uporablja na obeh straneh, brez nepotrebnega odpenjanja in ponovnega pripenjanja.<\/p>\n","protected":false},"featured_media":868,"template":"","meta":{"_acf_changed":false},"product_cat":[31,120,124],"product_tag":[],"class_list":{"0":"post-853","1":"product","2":"type-product","3":"status-publish","4":"has-post-thumbnail","6":"product_cat-lifeline-systems","7":"product_cat-horizontal-lifeline-system","8":"product_cat-aio","10":"first","11":"instock","12":"shipping-taxable","13":"product-type-simple"},"yoast_head":"<!-- This site is optimized with the Yoast SEO plugin v24.2 - https:\/\/yoast.com\/wordpress\/plugins\/seo\/ -->\n<title>Horizontalni vi\u0161inski varovalni sistem brez prepenjanja - Eusafety EN<\/title>\n<meta name=\"robots\" content=\"noindex, follow, max-snippet:-1, max-image-preview:large, max-video-preview:-1\" \/>\n<meta property=\"og:locale\" content=\"en_US\" \/>\n<meta property=\"og:type\" content=\"article\" \/>\n<meta property=\"og:title\" content=\"Horizontalni vi\u0161inski varovalni sistem brez prepenjanja - Eusafety EN\" \/>\n<meta property=\"og:description\" content=\"ALLinONE vi\u0161inski varovalni sistem podjetja INNOTECH\u00ae, je bil razvit kot sistem za omejevanje gibanja, zaustavitev padca in re\u0161evanje. Ta dobro zasnovan, visokotehnolo\u0161ki koncept je primeren za kompleksne gradbene in fasadne konstrukcije in ga je mogo\u010de optimalno pritrditi na zelo razli\u010dne konstrukcije. Posamezni elementi sistema omogo\u010dajo enostavno namestitev in brez napak. Inovativna zasnova omogo\u010da, da se vi\u0161inski varovalni sistem uporablja na obeh straneh, brez nepotrebnega odpenjanja in ponovnega pripenjanja.\" \/>\n<meta property=\"og:url\" content=\"https:\/\/eu-safety.si\/en\/trgovina\/lifeline-systems\/horizontal-lifeline-system\/aio\/horizontalni-visinski-varovalni-sistem-brez-prepenjanja\/\" \/>\n<meta property=\"og:site_name\" content=\"Eusafety EN\" \/>\n<meta property=\"article:modified_time\" content=\"2020-08-03T19:07:33+00:00\" \/>\n<meta property=\"og:image\" content=\"https:\/\/eu-safety.si\/en\/wp-content\/uploads\/sites\/4\/2020\/08\/innotech-horizontalni-brez-prepenjanja-1.jpg\" \/>\n\t<meta property=\"og:image:width\" content=\"300\" \/>\n\t<meta property=\"og:image:height\" content=\"289\" \/>\n\t<meta property=\"og:image:type\" content=\"image\/jpeg\" \/>\n<meta name=\"twitter:card\" content=\"summary_large_image\" \/>\n<script type=\"application\/ld+json\" class=\"yoast-schema-graph\">{\"@context\":\"https:\/\/schema.org\",\"@graph\":[{\"@type\":\"WebPage\",\"@id\":\"https:\/\/eu-safety.si\/en\/trgovina\/lifeline-systems\/horizontal-lifeline-system\/aio\/horizontalni-visinski-varovalni-sistem-brez-prepenjanja\/\",\"url\":\"https:\/\/eu-safety.si\/en\/trgovina\/lifeline-systems\/horizontal-lifeline-system\/aio\/horizontalni-visinski-varovalni-sistem-brez-prepenjanja\/\",\"name\":\"Horizontalni vi\u0161inski varovalni sistem brez prepenjanja - Eusafety EN\",\"isPartOf\":{\"@id\":\"https:\/\/eu-safety.si\/en\/#website\"},\"primaryImageOfPage\":{\"@id\":\"https:\/\/eu-safety.si\/en\/trgovina\/lifeline-systems\/horizontal-lifeline-system\/aio\/horizontalni-visinski-varovalni-sistem-brez-prepenjanja\/#primaryimage\"},\"image\":{\"@id\":\"https:\/\/eu-safety.si\/en\/trgovina\/lifeline-systems\/horizontal-lifeline-system\/aio\/horizontalni-visinski-varovalni-sistem-brez-prepenjanja\/#primaryimage\"},\"thumbnailUrl\":\"https:\/\/eu-safety.si\/en\/wp-content\/uploads\/sites\/4\/2020\/08\/innotech-horizontalni-brez-prepenjanja-1.jpg\",\"datePublished\":\"2020-08-03T18:36:00+00:00\",\"dateModified\":\"2020-08-03T19:07:33+00:00\",\"breadcrumb\":{\"@id\":\"https:\/\/eu-safety.si\/en\/trgovina\/lifeline-systems\/horizontal-lifeline-system\/aio\/horizontalni-visinski-varovalni-sistem-brez-prepenjanja\/#breadcrumb\"},\"inLanguage\":\"en-US\",\"potentialAction\":[{\"@type\":\"ReadAction\",\"target\":[\"https:\/\/eu-safety.si\/en\/trgovina\/lifeline-systems\/horizontal-lifeline-system\/aio\/horizontalni-visinski-varovalni-sistem-brez-prepenjanja\/\"]}]},{\"@type\":\"ImageObject\",\"inLanguage\":\"en-US\",\"@id\":\"https:\/\/eu-safety.si\/en\/trgovina\/lifeline-systems\/horizontal-lifeline-system\/aio\/horizontalni-visinski-varovalni-sistem-brez-prepenjanja\/#primaryimage\",\"url\":\"https:\/\/eu-safety.si\/en\/wp-content\/uploads\/sites\/4\/2020\/08\/innotech-horizontalni-brez-prepenjanja-1.jpg\",\"contentUrl\":\"https:\/\/eu-safety.si\/en\/wp-content\/uploads\/sites\/4\/2020\/08\/innotech-horizontalni-brez-prepenjanja-1.jpg\",\"width\":300,\"height\":289},{\"@type\":\"BreadcrumbList\",\"@id\":\"https:\/\/eu-safety.si\/en\/trgovina\/lifeline-systems\/horizontal-lifeline-system\/aio\/horizontalni-visinski-varovalni-sistem-brez-prepenjanja\/#breadcrumb\",\"itemListElement\":[{\"@type\":\"ListItem\",\"position\":1,\"name\":\"Home\",\"item\":\"https:\/\/eu-safety.si\/en\/\"},{\"@type\":\"ListItem\",\"position\":2,\"name\":\"Izdelki\",\"item\":\"https:\/\/eu-safety.si\/en\/shop\/\"},{\"@type\":\"ListItem\",\"position\":3,\"name\":\"Horizontalni vi\u0161inski varovalni sistem brez prepenjanja\"}]},{\"@type\":\"WebSite\",\"@id\":\"https:\/\/eu-safety.si\/en\/#website\",\"url\":\"https:\/\/eu-safety.si\/en\/\",\"name\":\"Eusafety EN\",\"description\":\"Fall protection\",\"potentialAction\":[{\"@type\":\"SearchAction\",\"target\":{\"@type\":\"EntryPoint\",\"urlTemplate\":\"https:\/\/eu-safety.si\/en\/?s={search_term_string}\"},\"query-input\":{\"@type\":\"PropertyValueSpecification\",\"valueRequired\":true,\"valueName\":\"search_term_string\"}}],\"inLanguage\":\"en-US\"}]}<\/script>\n<!-- \/ Yoast SEO plugin. -->","yoast_head_json":{"title":"Horizontalni vi\u0161inski varovalni sistem brez prepenjanja - Eusafety EN","robots":{"index":"noindex","follow":"follow","max-snippet":"max-snippet:-1","max-image-preview":"max-image-preview:large","max-video-preview":"max-video-preview:-1"},"og_locale":"en_US","og_type":"article","og_title":"Horizontalni vi\u0161inski varovalni sistem brez prepenjanja - Eusafety EN","og_description":"ALLinONE vi\u0161inski varovalni sistem podjetja INNOTECH\u00ae, je bil razvit kot sistem za omejevanje gibanja, zaustavitev padca in re\u0161evanje. Ta dobro zasnovan, visokotehnolo\u0161ki koncept je primeren za kompleksne gradbene in fasadne konstrukcije in ga je mogo\u010de optimalno pritrditi na zelo razli\u010dne konstrukcije. Posamezni elementi sistema omogo\u010dajo enostavno namestitev in brez napak. Inovativna zasnova omogo\u010da, da se vi\u0161inski varovalni sistem uporablja na obeh straneh, brez nepotrebnega odpenjanja in ponovnega pripenjanja.","og_url":"https:\/\/eu-safety.si\/en\/trgovina\/lifeline-systems\/horizontal-lifeline-system\/aio\/horizontalni-visinski-varovalni-sistem-brez-prepenjanja\/","og_site_name":"Eusafety EN","article_modified_time":"2020-08-03T19:07:33+00:00","og_image":[{"width":300,"height":289,"url":"https:\/\/eu-safety.si\/en\/wp-content\/uploads\/sites\/4\/2020\/08\/innotech-horizontalni-brez-prepenjanja-1.jpg","type":"image\/jpeg"}],"twitter_card":"summary_large_image","schema":{"@context":"https:\/\/schema.org","@graph":[{"@type":"WebPage","@id":"https:\/\/eu-safety.si\/en\/trgovina\/lifeline-systems\/horizontal-lifeline-system\/aio\/horizontalni-visinski-varovalni-sistem-brez-prepenjanja\/","url":"https:\/\/eu-safety.si\/en\/trgovina\/lifeline-systems\/horizontal-lifeline-system\/aio\/horizontalni-visinski-varovalni-sistem-brez-prepenjanja\/","name":"Horizontalni vi\u0161inski varovalni sistem brez prepenjanja - Eusafety EN","isPartOf":{"@id":"https:\/\/eu-safety.si\/en\/#website"},"primaryImageOfPage":{"@id":"https:\/\/eu-safety.si\/en\/trgovina\/lifeline-systems\/horizontal-lifeline-system\/aio\/horizontalni-visinski-varovalni-sistem-brez-prepenjanja\/#primaryimage"},"image":{"@id":"https:\/\/eu-safety.si\/en\/trgovina\/lifeline-systems\/horizontal-lifeline-system\/aio\/horizontalni-visinski-varovalni-sistem-brez-prepenjanja\/#primaryimage"},"thumbnailUrl":"https:\/\/eu-safety.si\/en\/wp-content\/uploads\/sites\/4\/2020\/08\/innotech-horizontalni-brez-prepenjanja-1.jpg","datePublished":"2020-08-03T18:36:00+00:00","dateModified":"2020-08-03T19:07:33+00:00","breadcrumb":{"@id":"https:\/\/eu-safety.si\/en\/trgovina\/lifeline-systems\/horizontal-lifeline-system\/aio\/horizontalni-visinski-varovalni-sistem-brez-prepenjanja\/#breadcrumb"},"inLanguage":"en-US","potentialAction":[{"@type":"ReadAction","target":["https:\/\/eu-safety.si\/en\/trgovina\/lifeline-systems\/horizontal-lifeline-system\/aio\/horizontalni-visinski-varovalni-sistem-brez-prepenjanja\/"]}]},{"@type":"ImageObject","inLanguage":"en-US","@id":"https:\/\/eu-safety.si\/en\/trgovina\/lifeline-systems\/horizontal-lifeline-system\/aio\/horizontalni-visinski-varovalni-sistem-brez-prepenjanja\/#primaryimage","url":"https:\/\/eu-safety.si\/en\/wp-content\/uploads\/sites\/4\/2020\/08\/innotech-horizontalni-brez-prepenjanja-1.jpg","contentUrl":"https:\/\/eu-safety.si\/en\/wp-content\/uploads\/sites\/4\/2020\/08\/innotech-horizontalni-brez-prepenjanja-1.jpg","width":300,"height":289},{"@type":"BreadcrumbList","@id":"https:\/\/eu-safety.si\/en\/trgovina\/lifeline-systems\/horizontal-lifeline-system\/aio\/horizontalni-visinski-varovalni-sistem-brez-prepenjanja\/#breadcrumb","itemListElement":[{"@type":"ListItem","position":1,"name":"Home","item":"https:\/\/eu-safety.si\/en\/"},{"@type":"ListItem","position":2,"name":"Izdelki","item":"https:\/\/eu-safety.si\/en\/shop\/"},{"@type":"ListItem","position":3,"name":"Horizontalni vi\u0161inski varovalni sistem brez prepenjanja"}]},{"@type":"WebSite","@id":"https:\/\/eu-safety.si\/en\/#website","url":"https:\/\/eu-safety.si\/en\/","name":"Eusafety EN","description":"Fall protection","potentialAction":[{"@type":"SearchAction","target":{"@type":"EntryPoint","urlTemplate":"https:\/\/eu-safety.si\/en\/?s={search_term_string}"},"query-input":{"@type":"PropertyValueSpecification","valueRequired":true,"valueName":"search_term_string"}}],"inLanguage":"en-US"}]}},"acf":[],"_links":{"self":[{"href":"https:\/\/eu-safety.si\/en\/wp-json\/wp\/v2\/product\/853","targetHints":{"allow":["GET"]}}],"collection":[{"href":"https:\/\/eu-safety.si\/en\/wp-json\/wp\/v2\/product"}],"about":[{"href":"https:\/\/eu-safety.si\/en\/wp-json\/wp\/v2\/types\/product"}],"wp:featuredmedia":[{"embeddable":true,"href":"https:\/\/eu-safety.si\/en\/wp-json\/wp\/v2\/media\/868"}],"wp:attachment":[{"href":"https:\/\/eu-safety.si\/en\/wp-json\/wp\/v2\/media?parent=853"}],"wp:term":[{"taxonomy":"product_cat","embeddable":true,"href":"https:\/\/eu-safety.si\/en\/wp-json\/wp\/v2\/product_cat?post=853"},{"taxonomy":"product_tag","embeddable":true,"href":"https:\/\/eu-safety.si\/en\/wp-json\/wp\/v2\/product_tag?post=853"}],"curies":[{"name":"wp","href":"https:\/\/api.w.org\/{rel}","templated":true}]}}