{"id":871,"date":"2020-08-03T21:12:26","date_gmt":"2020-08-03T19:12:26","guid":{"rendered":"https:\/\/eu-safety.si\/en\/?post_type=product&#038;p=871"},"modified":"2020-08-03T21:13:19","modified_gmt":"2020-08-03T19:13:19","slug":"bef-810-811-set-za-pritrditev-varovalnega-sistema-na-cevne-konstrukcije","status":"publish","type":"product","link":"https:\/\/eu-safety.si\/en\/trgovina\/lifeline-systems\/horizontal-lifeline-system\/bef-810-811\/bef-810-811-set-za-pritrditev-varovalnega-sistema-na-cevne-konstrukcije\/","title":{"rendered":"BEF-810\/811 (Set za pritrditev varovalnega sistema na cevne konstrukcije)"},"content":{"rendered":"","protected":false},"excerpt":{"rendered":"<p>Set za pritrditev BEF-810\/811 podjetja INNOTECH, odlikuje visoka stabilnost.<br \/>\nNa voljo so razli\u010dni prilagodljivi nastavki, ki omogo\u010dajo popolno prilagoditev ustreznim dimenzijam cevi. Prednost objemk je ta, da ni potrebnega vrtanja, ter da omogo\u010dajo hitro  namestitev sistema.<\/p>\n","protected":false},"featured_media":872,"template":"","meta":{"_acf_changed":false},"product_cat":[31,120,127],"product_tag":[],"class_list":{"0":"post-871","1":"product","2":"type-product","3":"status-publish","4":"has-post-thumbnail","6":"product_cat-lifeline-systems","7":"product_cat-horizontal-lifeline-system","8":"product_cat-bef-810-811","10":"first","11":"instock","12":"shipping-taxable","13":"product-type-simple"},"yoast_head":"<!-- This site is optimized with the Yoast SEO plugin v24.2 - https:\/\/yoast.com\/wordpress\/plugins\/seo\/ -->\n<title>BEF-810\/811 (Set za pritrditev varovalnega sistema na cevne konstrukcije) - Eusafety EN<\/title>\n<meta name=\"robots\" content=\"noindex, follow, max-snippet:-1, max-image-preview:large, max-video-preview:-1\" \/>\n<meta property=\"og:locale\" content=\"en_US\" \/>\n<meta property=\"og:type\" content=\"article\" \/>\n<meta property=\"og:title\" content=\"BEF-810\/811 (Set za pritrditev varovalnega sistema na cevne konstrukcije) - Eusafety EN\" \/>\n<meta property=\"og:description\" content=\"Set za pritrditev BEF-810\/811 podjetja INNOTECH, odlikuje visoka stabilnost. Na voljo so razli\u010dni prilagodljivi nastavki, ki omogo\u010dajo popolno prilagoditev ustreznim dimenzijam cevi. Prednost objemk je ta, da ni potrebnega vrtanja, ter da omogo\u010dajo hitro namestitev sistema.\" \/>\n<meta property=\"og:url\" content=\"https:\/\/eu-safety.si\/en\/trgovina\/lifeline-systems\/horizontal-lifeline-system\/bef-810-811\/bef-810-811-set-za-pritrditev-varovalnega-sistema-na-cevne-konstrukcije\/\" \/>\n<meta property=\"og:site_name\" content=\"Eusafety EN\" \/>\n<meta property=\"article:modified_time\" content=\"2020-08-03T19:13:19+00:00\" \/>\n<meta property=\"og:image\" content=\"https:\/\/eu-safety.si\/en\/wp-content\/uploads\/sites\/4\/2020\/08\/innotech-bef-810.jpg\" \/>\n\t<meta property=\"og:image:width\" content=\"300\" \/>\n\t<meta property=\"og:image:height\" content=\"289\" \/>\n\t<meta property=\"og:image:type\" content=\"image\/jpeg\" \/>\n<meta name=\"twitter:card\" content=\"summary_large_image\" \/>\n<script type=\"application\/ld+json\" class=\"yoast-schema-graph\">{\"@context\":\"https:\/\/schema.org\",\"@graph\":[{\"@type\":\"WebPage\",\"@id\":\"https:\/\/eu-safety.si\/en\/trgovina\/lifeline-systems\/horizontal-lifeline-system\/bef-810-811\/bef-810-811-set-za-pritrditev-varovalnega-sistema-na-cevne-konstrukcije\/\",\"url\":\"https:\/\/eu-safety.si\/en\/trgovina\/lifeline-systems\/horizontal-lifeline-system\/bef-810-811\/bef-810-811-set-za-pritrditev-varovalnega-sistema-na-cevne-konstrukcije\/\",\"name\":\"BEF-810\/811 (Set za pritrditev varovalnega sistema na cevne konstrukcije) - Eusafety EN\",\"isPartOf\":{\"@id\":\"https:\/\/eu-safety.si\/en\/#website\"},\"primaryImageOfPage\":{\"@id\":\"https:\/\/eu-safety.si\/en\/trgovina\/lifeline-systems\/horizontal-lifeline-system\/bef-810-811\/bef-810-811-set-za-pritrditev-varovalnega-sistema-na-cevne-konstrukcije\/#primaryimage\"},\"image\":{\"@id\":\"https:\/\/eu-safety.si\/en\/trgovina\/lifeline-systems\/horizontal-lifeline-system\/bef-810-811\/bef-810-811-set-za-pritrditev-varovalnega-sistema-na-cevne-konstrukcije\/#primaryimage\"},\"thumbnailUrl\":\"https:\/\/eu-safety.si\/en\/wp-content\/uploads\/sites\/4\/2020\/08\/innotech-bef-810.jpg\",\"datePublished\":\"2020-08-03T19:12:26+00:00\",\"dateModified\":\"2020-08-03T19:13:19+00:00\",\"breadcrumb\":{\"@id\":\"https:\/\/eu-safety.si\/en\/trgovina\/lifeline-systems\/horizontal-lifeline-system\/bef-810-811\/bef-810-811-set-za-pritrditev-varovalnega-sistema-na-cevne-konstrukcije\/#breadcrumb\"},\"inLanguage\":\"en-US\",\"potentialAction\":[{\"@type\":\"ReadAction\",\"target\":[\"https:\/\/eu-safety.si\/en\/trgovina\/lifeline-systems\/horizontal-lifeline-system\/bef-810-811\/bef-810-811-set-za-pritrditev-varovalnega-sistema-na-cevne-konstrukcije\/\"]}]},{\"@type\":\"ImageObject\",\"inLanguage\":\"en-US\",\"@id\":\"https:\/\/eu-safety.si\/en\/trgovina\/lifeline-systems\/horizontal-lifeline-system\/bef-810-811\/bef-810-811-set-za-pritrditev-varovalnega-sistema-na-cevne-konstrukcije\/#primaryimage\",\"url\":\"https:\/\/eu-safety.si\/en\/wp-content\/uploads\/sites\/4\/2020\/08\/innotech-bef-810.jpg\",\"contentUrl\":\"https:\/\/eu-safety.si\/en\/wp-content\/uploads\/sites\/4\/2020\/08\/innotech-bef-810.jpg\",\"width\":300,\"height\":289},{\"@type\":\"BreadcrumbList\",\"@id\":\"https:\/\/eu-safety.si\/en\/trgovina\/lifeline-systems\/horizontal-lifeline-system\/bef-810-811\/bef-810-811-set-za-pritrditev-varovalnega-sistema-na-cevne-konstrukcije\/#breadcrumb\",\"itemListElement\":[{\"@type\":\"ListItem\",\"position\":1,\"name\":\"Home\",\"item\":\"https:\/\/eu-safety.si\/en\/\"},{\"@type\":\"ListItem\",\"position\":2,\"name\":\"Izdelki\",\"item\":\"https:\/\/eu-safety.si\/en\/shop\/\"},{\"@type\":\"ListItem\",\"position\":3,\"name\":\"BEF-810\/811 (Set za pritrditev varovalnega sistema na cevne konstrukcije)\"}]},{\"@type\":\"WebSite\",\"@id\":\"https:\/\/eu-safety.si\/en\/#website\",\"url\":\"https:\/\/eu-safety.si\/en\/\",\"name\":\"Eusafety EN\",\"description\":\"Fall protection\",\"potentialAction\":[{\"@type\":\"SearchAction\",\"target\":{\"@type\":\"EntryPoint\",\"urlTemplate\":\"https:\/\/eu-safety.si\/en\/?s={search_term_string}\"},\"query-input\":{\"@type\":\"PropertyValueSpecification\",\"valueRequired\":true,\"valueName\":\"search_term_string\"}}],\"inLanguage\":\"en-US\"}]}<\/script>\n<!-- \/ Yoast SEO plugin. -->","yoast_head_json":{"title":"BEF-810\/811 (Set za pritrditev varovalnega sistema na cevne konstrukcije) - Eusafety EN","robots":{"index":"noindex","follow":"follow","max-snippet":"max-snippet:-1","max-image-preview":"max-image-preview:large","max-video-preview":"max-video-preview:-1"},"og_locale":"en_US","og_type":"article","og_title":"BEF-810\/811 (Set za pritrditev varovalnega sistema na cevne konstrukcije) - Eusafety EN","og_description":"Set za pritrditev BEF-810\/811 podjetja INNOTECH, odlikuje visoka stabilnost. Na voljo so razli\u010dni prilagodljivi nastavki, ki omogo\u010dajo popolno prilagoditev ustreznim dimenzijam cevi. Prednost objemk je ta, da ni potrebnega vrtanja, ter da omogo\u010dajo hitro namestitev sistema.","og_url":"https:\/\/eu-safety.si\/en\/trgovina\/lifeline-systems\/horizontal-lifeline-system\/bef-810-811\/bef-810-811-set-za-pritrditev-varovalnega-sistema-na-cevne-konstrukcije\/","og_site_name":"Eusafety EN","article_modified_time":"2020-08-03T19:13:19+00:00","og_image":[{"width":300,"height":289,"url":"https:\/\/eu-safety.si\/en\/wp-content\/uploads\/sites\/4\/2020\/08\/innotech-bef-810.jpg","type":"image\/jpeg"}],"twitter_card":"summary_large_image","schema":{"@context":"https:\/\/schema.org","@graph":[{"@type":"WebPage","@id":"https:\/\/eu-safety.si\/en\/trgovina\/lifeline-systems\/horizontal-lifeline-system\/bef-810-811\/bef-810-811-set-za-pritrditev-varovalnega-sistema-na-cevne-konstrukcije\/","url":"https:\/\/eu-safety.si\/en\/trgovina\/lifeline-systems\/horizontal-lifeline-system\/bef-810-811\/bef-810-811-set-za-pritrditev-varovalnega-sistema-na-cevne-konstrukcije\/","name":"BEF-810\/811 (Set za pritrditev varovalnega sistema na cevne konstrukcije) - Eusafety EN","isPartOf":{"@id":"https:\/\/eu-safety.si\/en\/#website"},"primaryImageOfPage":{"@id":"https:\/\/eu-safety.si\/en\/trgovina\/lifeline-systems\/horizontal-lifeline-system\/bef-810-811\/bef-810-811-set-za-pritrditev-varovalnega-sistema-na-cevne-konstrukcije\/#primaryimage"},"image":{"@id":"https:\/\/eu-safety.si\/en\/trgovina\/lifeline-systems\/horizontal-lifeline-system\/bef-810-811\/bef-810-811-set-za-pritrditev-varovalnega-sistema-na-cevne-konstrukcije\/#primaryimage"},"thumbnailUrl":"https:\/\/eu-safety.si\/en\/wp-content\/uploads\/sites\/4\/2020\/08\/innotech-bef-810.jpg","datePublished":"2020-08-03T19:12:26+00:00","dateModified":"2020-08-03T19:13:19+00:00","breadcrumb":{"@id":"https:\/\/eu-safety.si\/en\/trgovina\/lifeline-systems\/horizontal-lifeline-system\/bef-810-811\/bef-810-811-set-za-pritrditev-varovalnega-sistema-na-cevne-konstrukcije\/#breadcrumb"},"inLanguage":"en-US","potentialAction":[{"@type":"ReadAction","target":["https:\/\/eu-safety.si\/en\/trgovina\/lifeline-systems\/horizontal-lifeline-system\/bef-810-811\/bef-810-811-set-za-pritrditev-varovalnega-sistema-na-cevne-konstrukcije\/"]}]},{"@type":"ImageObject","inLanguage":"en-US","@id":"https:\/\/eu-safety.si\/en\/trgovina\/lifeline-systems\/horizontal-lifeline-system\/bef-810-811\/bef-810-811-set-za-pritrditev-varovalnega-sistema-na-cevne-konstrukcije\/#primaryimage","url":"https:\/\/eu-safety.si\/en\/wp-content\/uploads\/sites\/4\/2020\/08\/innotech-bef-810.jpg","contentUrl":"https:\/\/eu-safety.si\/en\/wp-content\/uploads\/sites\/4\/2020\/08\/innotech-bef-810.jpg","width":300,"height":289},{"@type":"BreadcrumbList","@id":"https:\/\/eu-safety.si\/en\/trgovina\/lifeline-systems\/horizontal-lifeline-system\/bef-810-811\/bef-810-811-set-za-pritrditev-varovalnega-sistema-na-cevne-konstrukcije\/#breadcrumb","itemListElement":[{"@type":"ListItem","position":1,"name":"Home","item":"https:\/\/eu-safety.si\/en\/"},{"@type":"ListItem","position":2,"name":"Izdelki","item":"https:\/\/eu-safety.si\/en\/shop\/"},{"@type":"ListItem","position":3,"name":"BEF-810\/811 (Set za pritrditev varovalnega sistema na cevne konstrukcije)"}]},{"@type":"WebSite","@id":"https:\/\/eu-safety.si\/en\/#website","url":"https:\/\/eu-safety.si\/en\/","name":"Eusafety EN","description":"Fall protection","potentialAction":[{"@type":"SearchAction","target":{"@type":"EntryPoint","urlTemplate":"https:\/\/eu-safety.si\/en\/?s={search_term_string}"},"query-input":{"@type":"PropertyValueSpecification","valueRequired":true,"valueName":"search_term_string"}}],"inLanguage":"en-US"}]}},"acf":[],"_links":{"self":[{"href":"https:\/\/eu-safety.si\/en\/wp-json\/wp\/v2\/product\/871","targetHints":{"allow":["GET"]}}],"collection":[{"href":"https:\/\/eu-safety.si\/en\/wp-json\/wp\/v2\/product"}],"about":[{"href":"https:\/\/eu-safety.si\/en\/wp-json\/wp\/v2\/types\/product"}],"wp:featuredmedia":[{"embeddable":true,"href":"https:\/\/eu-safety.si\/en\/wp-json\/wp\/v2\/media\/872"}],"wp:attachment":[{"href":"https:\/\/eu-safety.si\/en\/wp-json\/wp\/v2\/media?parent=871"}],"wp:term":[{"taxonomy":"product_cat","embeddable":true,"href":"https:\/\/eu-safety.si\/en\/wp-json\/wp\/v2\/product_cat?post=871"},{"taxonomy":"product_tag","embeddable":true,"href":"https:\/\/eu-safety.si\/en\/wp-json\/wp\/v2\/product_tag?post=871"}],"curies":[{"name":"wp","href":"https:\/\/api.w.org\/{rel}","templated":true}]}}