{"id":875,"date":"2020-08-03T21:18:40","date_gmt":"2020-08-03T19:18:40","guid":{"rendered":"https:\/\/eu-safety.si\/en\/?post_type=product&#038;p=875"},"modified":"2020-08-03T21:18:41","modified_gmt":"2020-08-03T19:18:41","slug":"vert-set-50-vertikalni-varovalni-sistem-za-na-lestve","status":"publish","type":"product","link":"https:\/\/eu-safety.si\/en\/trgovina\/lifeline-systems\/vertical-lifeline-system\/vert-set-50-vertikalni-varovalni-sistem-za-na-lestve\/","title":{"rendered":"VERT-SET-50 (Vertikalni varovalni sistem za na lestve)"},"content":{"rendered":"","protected":false},"excerpt":{"rendered":"<p>VERT-SET-50 podjetja INNOTECH je inovacija v vertikalnih vi\u0161inskih varovalnih sistemih. Ko je pritrjen na novi drsni element ima uporabnik \u0161e ve\u010d svobode gibanja, saj drsni element neovirano in prosto drsi po jeklenici.<br \/>\n\u0160e posebej prilagodljiv sistem prepre\u010duje nepravilno uporabo, saj ima jedro sistema &#8211; novi drsni element, inovativno varnostno funkcijo.<\/p>\n","protected":false},"featured_media":876,"template":"","meta":{"_acf_changed":false},"product_cat":[31,121],"product_tag":[],"class_list":{"0":"post-875","1":"product","2":"type-product","3":"status-publish","4":"has-post-thumbnail","6":"product_cat-lifeline-systems","7":"product_cat-vertical-lifeline-system","9":"first","10":"instock","11":"shipping-taxable","12":"product-type-simple"},"yoast_head":"<!-- This site is optimized with the Yoast SEO plugin v24.2 - https:\/\/yoast.com\/wordpress\/plugins\/seo\/ -->\n<title>VERT-SET-50 (Vertikalni varovalni sistem za na lestve) - Eusafety EN<\/title>\n<meta name=\"robots\" content=\"noindex, follow, max-snippet:-1, max-image-preview:large, max-video-preview:-1\" \/>\n<meta property=\"og:locale\" content=\"en_US\" \/>\n<meta property=\"og:type\" content=\"article\" \/>\n<meta property=\"og:title\" content=\"VERT-SET-50 (Vertikalni varovalni sistem za na lestve) - Eusafety EN\" \/>\n<meta property=\"og:description\" content=\"VERT-SET-50 podjetja INNOTECH je inovacija v vertikalnih vi\u0161inskih varovalnih sistemih. Ko je pritrjen na novi drsni element ima uporabnik \u0161e ve\u010d svobode gibanja, saj drsni element neovirano in prosto drsi po jeklenici. \u0160e posebej prilagodljiv sistem prepre\u010duje nepravilno uporabo, saj ima jedro sistema - novi drsni element, inovativno varnostno funkcijo.\" \/>\n<meta property=\"og:url\" content=\"https:\/\/eu-safety.si\/en\/trgovina\/lifeline-systems\/vertical-lifeline-system\/vert-set-50-vertikalni-varovalni-sistem-za-na-lestve\/\" \/>\n<meta property=\"og:site_name\" content=\"Eusafety EN\" \/>\n<meta property=\"article:modified_time\" content=\"2020-08-03T19:18:41+00:00\" \/>\n<meta property=\"og:image\" content=\"https:\/\/eu-safety.si\/en\/wp-content\/uploads\/sites\/4\/2020\/08\/innotech-vert-set-50.jpg\" \/>\n\t<meta property=\"og:image:width\" content=\"300\" \/>\n\t<meta property=\"og:image:height\" content=\"289\" \/>\n\t<meta property=\"og:image:type\" content=\"image\/jpeg\" \/>\n<meta name=\"twitter:card\" content=\"summary_large_image\" \/>\n<script type=\"application\/ld+json\" class=\"yoast-schema-graph\">{\"@context\":\"https:\/\/schema.org\",\"@graph\":[{\"@type\":\"WebPage\",\"@id\":\"https:\/\/eu-safety.si\/en\/trgovina\/lifeline-systems\/vertical-lifeline-system\/vert-set-50-vertikalni-varovalni-sistem-za-na-lestve\/\",\"url\":\"https:\/\/eu-safety.si\/en\/trgovina\/lifeline-systems\/vertical-lifeline-system\/vert-set-50-vertikalni-varovalni-sistem-za-na-lestve\/\",\"name\":\"VERT-SET-50 (Vertikalni varovalni sistem za na lestve) - Eusafety EN\",\"isPartOf\":{\"@id\":\"https:\/\/eu-safety.si\/en\/#website\"},\"primaryImageOfPage\":{\"@id\":\"https:\/\/eu-safety.si\/en\/trgovina\/lifeline-systems\/vertical-lifeline-system\/vert-set-50-vertikalni-varovalni-sistem-za-na-lestve\/#primaryimage\"},\"image\":{\"@id\":\"https:\/\/eu-safety.si\/en\/trgovina\/lifeline-systems\/vertical-lifeline-system\/vert-set-50-vertikalni-varovalni-sistem-za-na-lestve\/#primaryimage\"},\"thumbnailUrl\":\"https:\/\/eu-safety.si\/en\/wp-content\/uploads\/sites\/4\/2020\/08\/innotech-vert-set-50.jpg\",\"datePublished\":\"2020-08-03T19:18:40+00:00\",\"dateModified\":\"2020-08-03T19:18:41+00:00\",\"breadcrumb\":{\"@id\":\"https:\/\/eu-safety.si\/en\/trgovina\/lifeline-systems\/vertical-lifeline-system\/vert-set-50-vertikalni-varovalni-sistem-za-na-lestve\/#breadcrumb\"},\"inLanguage\":\"en-US\",\"potentialAction\":[{\"@type\":\"ReadAction\",\"target\":[\"https:\/\/eu-safety.si\/en\/trgovina\/lifeline-systems\/vertical-lifeline-system\/vert-set-50-vertikalni-varovalni-sistem-za-na-lestve\/\"]}]},{\"@type\":\"ImageObject\",\"inLanguage\":\"en-US\",\"@id\":\"https:\/\/eu-safety.si\/en\/trgovina\/lifeline-systems\/vertical-lifeline-system\/vert-set-50-vertikalni-varovalni-sistem-za-na-lestve\/#primaryimage\",\"url\":\"https:\/\/eu-safety.si\/en\/wp-content\/uploads\/sites\/4\/2020\/08\/innotech-vert-set-50.jpg\",\"contentUrl\":\"https:\/\/eu-safety.si\/en\/wp-content\/uploads\/sites\/4\/2020\/08\/innotech-vert-set-50.jpg\",\"width\":300,\"height\":289},{\"@type\":\"BreadcrumbList\",\"@id\":\"https:\/\/eu-safety.si\/en\/trgovina\/lifeline-systems\/vertical-lifeline-system\/vert-set-50-vertikalni-varovalni-sistem-za-na-lestve\/#breadcrumb\",\"itemListElement\":[{\"@type\":\"ListItem\",\"position\":1,\"name\":\"Home\",\"item\":\"https:\/\/eu-safety.si\/en\/\"},{\"@type\":\"ListItem\",\"position\":2,\"name\":\"Izdelki\",\"item\":\"https:\/\/eu-safety.si\/en\/shop\/\"},{\"@type\":\"ListItem\",\"position\":3,\"name\":\"VERT-SET-50 (Vertikalni varovalni sistem za na lestve)\"}]},{\"@type\":\"WebSite\",\"@id\":\"https:\/\/eu-safety.si\/en\/#website\",\"url\":\"https:\/\/eu-safety.si\/en\/\",\"name\":\"Eusafety EN\",\"description\":\"Fall protection\",\"potentialAction\":[{\"@type\":\"SearchAction\",\"target\":{\"@type\":\"EntryPoint\",\"urlTemplate\":\"https:\/\/eu-safety.si\/en\/?s={search_term_string}\"},\"query-input\":{\"@type\":\"PropertyValueSpecification\",\"valueRequired\":true,\"valueName\":\"search_term_string\"}}],\"inLanguage\":\"en-US\"}]}<\/script>\n<!-- \/ Yoast SEO plugin. -->","yoast_head_json":{"title":"VERT-SET-50 (Vertikalni varovalni sistem za na lestve) - Eusafety EN","robots":{"index":"noindex","follow":"follow","max-snippet":"max-snippet:-1","max-image-preview":"max-image-preview:large","max-video-preview":"max-video-preview:-1"},"og_locale":"en_US","og_type":"article","og_title":"VERT-SET-50 (Vertikalni varovalni sistem za na lestve) - Eusafety EN","og_description":"VERT-SET-50 podjetja INNOTECH je inovacija v vertikalnih vi\u0161inskih varovalnih sistemih. Ko je pritrjen na novi drsni element ima uporabnik \u0161e ve\u010d svobode gibanja, saj drsni element neovirano in prosto drsi po jeklenici. \u0160e posebej prilagodljiv sistem prepre\u010duje nepravilno uporabo, saj ima jedro sistema - novi drsni element, inovativno varnostno funkcijo.","og_url":"https:\/\/eu-safety.si\/en\/trgovina\/lifeline-systems\/vertical-lifeline-system\/vert-set-50-vertikalni-varovalni-sistem-za-na-lestve\/","og_site_name":"Eusafety EN","article_modified_time":"2020-08-03T19:18:41+00:00","og_image":[{"width":300,"height":289,"url":"https:\/\/eu-safety.si\/en\/wp-content\/uploads\/sites\/4\/2020\/08\/innotech-vert-set-50.jpg","type":"image\/jpeg"}],"twitter_card":"summary_large_image","schema":{"@context":"https:\/\/schema.org","@graph":[{"@type":"WebPage","@id":"https:\/\/eu-safety.si\/en\/trgovina\/lifeline-systems\/vertical-lifeline-system\/vert-set-50-vertikalni-varovalni-sistem-za-na-lestve\/","url":"https:\/\/eu-safety.si\/en\/trgovina\/lifeline-systems\/vertical-lifeline-system\/vert-set-50-vertikalni-varovalni-sistem-za-na-lestve\/","name":"VERT-SET-50 (Vertikalni varovalni sistem za na lestve) - Eusafety EN","isPartOf":{"@id":"https:\/\/eu-safety.si\/en\/#website"},"primaryImageOfPage":{"@id":"https:\/\/eu-safety.si\/en\/trgovina\/lifeline-systems\/vertical-lifeline-system\/vert-set-50-vertikalni-varovalni-sistem-za-na-lestve\/#primaryimage"},"image":{"@id":"https:\/\/eu-safety.si\/en\/trgovina\/lifeline-systems\/vertical-lifeline-system\/vert-set-50-vertikalni-varovalni-sistem-za-na-lestve\/#primaryimage"},"thumbnailUrl":"https:\/\/eu-safety.si\/en\/wp-content\/uploads\/sites\/4\/2020\/08\/innotech-vert-set-50.jpg","datePublished":"2020-08-03T19:18:40+00:00","dateModified":"2020-08-03T19:18:41+00:00","breadcrumb":{"@id":"https:\/\/eu-safety.si\/en\/trgovina\/lifeline-systems\/vertical-lifeline-system\/vert-set-50-vertikalni-varovalni-sistem-za-na-lestve\/#breadcrumb"},"inLanguage":"en-US","potentialAction":[{"@type":"ReadAction","target":["https:\/\/eu-safety.si\/en\/trgovina\/lifeline-systems\/vertical-lifeline-system\/vert-set-50-vertikalni-varovalni-sistem-za-na-lestve\/"]}]},{"@type":"ImageObject","inLanguage":"en-US","@id":"https:\/\/eu-safety.si\/en\/trgovina\/lifeline-systems\/vertical-lifeline-system\/vert-set-50-vertikalni-varovalni-sistem-za-na-lestve\/#primaryimage","url":"https:\/\/eu-safety.si\/en\/wp-content\/uploads\/sites\/4\/2020\/08\/innotech-vert-set-50.jpg","contentUrl":"https:\/\/eu-safety.si\/en\/wp-content\/uploads\/sites\/4\/2020\/08\/innotech-vert-set-50.jpg","width":300,"height":289},{"@type":"BreadcrumbList","@id":"https:\/\/eu-safety.si\/en\/trgovina\/lifeline-systems\/vertical-lifeline-system\/vert-set-50-vertikalni-varovalni-sistem-za-na-lestve\/#breadcrumb","itemListElement":[{"@type":"ListItem","position":1,"name":"Home","item":"https:\/\/eu-safety.si\/en\/"},{"@type":"ListItem","position":2,"name":"Izdelki","item":"https:\/\/eu-safety.si\/en\/shop\/"},{"@type":"ListItem","position":3,"name":"VERT-SET-50 (Vertikalni varovalni sistem za na lestve)"}]},{"@type":"WebSite","@id":"https:\/\/eu-safety.si\/en\/#website","url":"https:\/\/eu-safety.si\/en\/","name":"Eusafety EN","description":"Fall protection","potentialAction":[{"@type":"SearchAction","target":{"@type":"EntryPoint","urlTemplate":"https:\/\/eu-safety.si\/en\/?s={search_term_string}"},"query-input":{"@type":"PropertyValueSpecification","valueRequired":true,"valueName":"search_term_string"}}],"inLanguage":"en-US"}]}},"acf":[],"_links":{"self":[{"href":"https:\/\/eu-safety.si\/en\/wp-json\/wp\/v2\/product\/875","targetHints":{"allow":["GET"]}}],"collection":[{"href":"https:\/\/eu-safety.si\/en\/wp-json\/wp\/v2\/product"}],"about":[{"href":"https:\/\/eu-safety.si\/en\/wp-json\/wp\/v2\/types\/product"}],"wp:featuredmedia":[{"embeddable":true,"href":"https:\/\/eu-safety.si\/en\/wp-json\/wp\/v2\/media\/876"}],"wp:attachment":[{"href":"https:\/\/eu-safety.si\/en\/wp-json\/wp\/v2\/media?parent=875"}],"wp:term":[{"taxonomy":"product_cat","embeddable":true,"href":"https:\/\/eu-safety.si\/en\/wp-json\/wp\/v2\/product_cat?post=875"},{"taxonomy":"product_tag","embeddable":true,"href":"https:\/\/eu-safety.si\/en\/wp-json\/wp\/v2\/product_tag?post=875"}],"curies":[{"name":"wp","href":"https:\/\/api.w.org\/{rel}","templated":true}]}}