{"id":881,"date":"2020-08-03T21:32:00","date_gmt":"2020-08-03T19:32:00","guid":{"rendered":"https:\/\/eu-safety.si\/en\/?post_type=product&#038;p=881"},"modified":"2020-08-03T21:32:01","modified_gmt":"2020-08-03T19:32:01","slug":"stabil-10-sta-10-posamezna-sidriscna-tocka-ali-stebricek-za-vse-konstrukcije","status":"publish","type":"product","link":"https:\/\/eu-safety.si\/en\/trgovina\/lifeline-systems\/single-anchor-points\/stabil-10-sta-10-posamezna-sidriscna-tocka-ali-stebricek-za-vse-konstrukcije\/","title":{"rendered":"STABIL-10 STA-10 (Posamezna sidri\u0161\u010dna to\u010dka ali stebri\u010dek za vse konstrukcije)"},"content":{"rendered":"","protected":false},"excerpt":{"rendered":"<p>Posamezna sidri\u0161\u010dna to\u010dka STABIL-10 in stebri\u010dek STA-10 imata zelo visoko osnovno stabilnost in omogo\u010data ve\u010djo mo\u017enost namestitve na vseh konstrukcijah.<\/p>\n","protected":false},"featured_media":882,"template":"","meta":{"_acf_changed":false},"product_cat":[31,42],"product_tag":[],"class_list":{"0":"post-881","1":"product","2":"type-product","3":"status-publish","4":"has-post-thumbnail","6":"product_cat-lifeline-systems","7":"product_cat-single-anchor-points","9":"first","10":"instock","11":"shipping-taxable","12":"product-type-simple"},"yoast_head":"<!-- This site is optimized with the Yoast SEO plugin v24.2 - https:\/\/yoast.com\/wordpress\/plugins\/seo\/ -->\n<title>STABIL-10 STA-10 (Posamezna sidri\u0161\u010dna to\u010dka ali stebri\u010dek za vse konstrukcije) - Eusafety EN<\/title>\n<meta name=\"robots\" content=\"noindex, follow, max-snippet:-1, max-image-preview:large, max-video-preview:-1\" \/>\n<meta property=\"og:locale\" content=\"en_US\" \/>\n<meta property=\"og:type\" content=\"article\" \/>\n<meta property=\"og:title\" content=\"STABIL-10 STA-10 (Posamezna sidri\u0161\u010dna to\u010dka ali stebri\u010dek za vse konstrukcije) - Eusafety EN\" \/>\n<meta property=\"og:description\" content=\"Posamezna sidri\u0161\u010dna to\u010dka STABIL-10 in stebri\u010dek STA-10 imata zelo visoko osnovno stabilnost in omogo\u010data ve\u010djo mo\u017enost namestitve na vseh konstrukcijah.\" \/>\n<meta property=\"og:url\" content=\"https:\/\/eu-safety.si\/en\/trgovina\/lifeline-systems\/single-anchor-points\/stabil-10-sta-10-posamezna-sidriscna-tocka-ali-stebricek-za-vse-konstrukcije\/\" \/>\n<meta property=\"og:site_name\" content=\"Eusafety EN\" \/>\n<meta property=\"article:modified_time\" content=\"2020-08-03T19:32:01+00:00\" \/>\n<meta property=\"og:image\" content=\"https:\/\/eu-safety.si\/en\/wp-content\/uploads\/sites\/4\/2020\/08\/innotech-posamezna-sta10.jpg\" \/>\n\t<meta property=\"og:image:width\" content=\"300\" \/>\n\t<meta property=\"og:image:height\" content=\"289\" \/>\n\t<meta property=\"og:image:type\" content=\"image\/jpeg\" \/>\n<meta name=\"twitter:card\" content=\"summary_large_image\" \/>\n<script type=\"application\/ld+json\" class=\"yoast-schema-graph\">{\"@context\":\"https:\/\/schema.org\",\"@graph\":[{\"@type\":\"WebPage\",\"@id\":\"https:\/\/eu-safety.si\/en\/trgovina\/lifeline-systems\/single-anchor-points\/stabil-10-sta-10-posamezna-sidriscna-tocka-ali-stebricek-za-vse-konstrukcije\/\",\"url\":\"https:\/\/eu-safety.si\/en\/trgovina\/lifeline-systems\/single-anchor-points\/stabil-10-sta-10-posamezna-sidriscna-tocka-ali-stebricek-za-vse-konstrukcije\/\",\"name\":\"STABIL-10 STA-10 (Posamezna sidri\u0161\u010dna to\u010dka ali stebri\u010dek za vse konstrukcije) - Eusafety EN\",\"isPartOf\":{\"@id\":\"https:\/\/eu-safety.si\/en\/#website\"},\"primaryImageOfPage\":{\"@id\":\"https:\/\/eu-safety.si\/en\/trgovina\/lifeline-systems\/single-anchor-points\/stabil-10-sta-10-posamezna-sidriscna-tocka-ali-stebricek-za-vse-konstrukcije\/#primaryimage\"},\"image\":{\"@id\":\"https:\/\/eu-safety.si\/en\/trgovina\/lifeline-systems\/single-anchor-points\/stabil-10-sta-10-posamezna-sidriscna-tocka-ali-stebricek-za-vse-konstrukcije\/#primaryimage\"},\"thumbnailUrl\":\"https:\/\/eu-safety.si\/en\/wp-content\/uploads\/sites\/4\/2020\/08\/innotech-posamezna-sta10.jpg\",\"datePublished\":\"2020-08-03T19:32:00+00:00\",\"dateModified\":\"2020-08-03T19:32:01+00:00\",\"breadcrumb\":{\"@id\":\"https:\/\/eu-safety.si\/en\/trgovina\/lifeline-systems\/single-anchor-points\/stabil-10-sta-10-posamezna-sidriscna-tocka-ali-stebricek-za-vse-konstrukcije\/#breadcrumb\"},\"inLanguage\":\"en-US\",\"potentialAction\":[{\"@type\":\"ReadAction\",\"target\":[\"https:\/\/eu-safety.si\/en\/trgovina\/lifeline-systems\/single-anchor-points\/stabil-10-sta-10-posamezna-sidriscna-tocka-ali-stebricek-za-vse-konstrukcije\/\"]}]},{\"@type\":\"ImageObject\",\"inLanguage\":\"en-US\",\"@id\":\"https:\/\/eu-safety.si\/en\/trgovina\/lifeline-systems\/single-anchor-points\/stabil-10-sta-10-posamezna-sidriscna-tocka-ali-stebricek-za-vse-konstrukcije\/#primaryimage\",\"url\":\"https:\/\/eu-safety.si\/en\/wp-content\/uploads\/sites\/4\/2020\/08\/innotech-posamezna-sta10.jpg\",\"contentUrl\":\"https:\/\/eu-safety.si\/en\/wp-content\/uploads\/sites\/4\/2020\/08\/innotech-posamezna-sta10.jpg\",\"width\":300,\"height\":289},{\"@type\":\"BreadcrumbList\",\"@id\":\"https:\/\/eu-safety.si\/en\/trgovina\/lifeline-systems\/single-anchor-points\/stabil-10-sta-10-posamezna-sidriscna-tocka-ali-stebricek-za-vse-konstrukcije\/#breadcrumb\",\"itemListElement\":[{\"@type\":\"ListItem\",\"position\":1,\"name\":\"Home\",\"item\":\"https:\/\/eu-safety.si\/en\/\"},{\"@type\":\"ListItem\",\"position\":2,\"name\":\"Izdelki\",\"item\":\"https:\/\/eu-safety.si\/en\/shop\/\"},{\"@type\":\"ListItem\",\"position\":3,\"name\":\"STABIL-10 STA-10 (Posamezna sidri\u0161\u010dna to\u010dka ali stebri\u010dek za vse konstrukcije)\"}]},{\"@type\":\"WebSite\",\"@id\":\"https:\/\/eu-safety.si\/en\/#website\",\"url\":\"https:\/\/eu-safety.si\/en\/\",\"name\":\"Eusafety EN\",\"description\":\"Fall protection\",\"potentialAction\":[{\"@type\":\"SearchAction\",\"target\":{\"@type\":\"EntryPoint\",\"urlTemplate\":\"https:\/\/eu-safety.si\/en\/?s={search_term_string}\"},\"query-input\":{\"@type\":\"PropertyValueSpecification\",\"valueRequired\":true,\"valueName\":\"search_term_string\"}}],\"inLanguage\":\"en-US\"}]}<\/script>\n<!-- \/ Yoast SEO plugin. -->","yoast_head_json":{"title":"STABIL-10 STA-10 (Posamezna sidri\u0161\u010dna to\u010dka ali stebri\u010dek za vse konstrukcije) - Eusafety EN","robots":{"index":"noindex","follow":"follow","max-snippet":"max-snippet:-1","max-image-preview":"max-image-preview:large","max-video-preview":"max-video-preview:-1"},"og_locale":"en_US","og_type":"article","og_title":"STABIL-10 STA-10 (Posamezna sidri\u0161\u010dna to\u010dka ali stebri\u010dek za vse konstrukcije) - Eusafety EN","og_description":"Posamezna sidri\u0161\u010dna to\u010dka STABIL-10 in stebri\u010dek STA-10 imata zelo visoko osnovno stabilnost in omogo\u010data ve\u010djo mo\u017enost namestitve na vseh konstrukcijah.","og_url":"https:\/\/eu-safety.si\/en\/trgovina\/lifeline-systems\/single-anchor-points\/stabil-10-sta-10-posamezna-sidriscna-tocka-ali-stebricek-za-vse-konstrukcije\/","og_site_name":"Eusafety EN","article_modified_time":"2020-08-03T19:32:01+00:00","og_image":[{"width":300,"height":289,"url":"https:\/\/eu-safety.si\/en\/wp-content\/uploads\/sites\/4\/2020\/08\/innotech-posamezna-sta10.jpg","type":"image\/jpeg"}],"twitter_card":"summary_large_image","schema":{"@context":"https:\/\/schema.org","@graph":[{"@type":"WebPage","@id":"https:\/\/eu-safety.si\/en\/trgovina\/lifeline-systems\/single-anchor-points\/stabil-10-sta-10-posamezna-sidriscna-tocka-ali-stebricek-za-vse-konstrukcije\/","url":"https:\/\/eu-safety.si\/en\/trgovina\/lifeline-systems\/single-anchor-points\/stabil-10-sta-10-posamezna-sidriscna-tocka-ali-stebricek-za-vse-konstrukcije\/","name":"STABIL-10 STA-10 (Posamezna sidri\u0161\u010dna to\u010dka ali stebri\u010dek za vse konstrukcije) - Eusafety EN","isPartOf":{"@id":"https:\/\/eu-safety.si\/en\/#website"},"primaryImageOfPage":{"@id":"https:\/\/eu-safety.si\/en\/trgovina\/lifeline-systems\/single-anchor-points\/stabil-10-sta-10-posamezna-sidriscna-tocka-ali-stebricek-za-vse-konstrukcije\/#primaryimage"},"image":{"@id":"https:\/\/eu-safety.si\/en\/trgovina\/lifeline-systems\/single-anchor-points\/stabil-10-sta-10-posamezna-sidriscna-tocka-ali-stebricek-za-vse-konstrukcije\/#primaryimage"},"thumbnailUrl":"https:\/\/eu-safety.si\/en\/wp-content\/uploads\/sites\/4\/2020\/08\/innotech-posamezna-sta10.jpg","datePublished":"2020-08-03T19:32:00+00:00","dateModified":"2020-08-03T19:32:01+00:00","breadcrumb":{"@id":"https:\/\/eu-safety.si\/en\/trgovina\/lifeline-systems\/single-anchor-points\/stabil-10-sta-10-posamezna-sidriscna-tocka-ali-stebricek-za-vse-konstrukcije\/#breadcrumb"},"inLanguage":"en-US","potentialAction":[{"@type":"ReadAction","target":["https:\/\/eu-safety.si\/en\/trgovina\/lifeline-systems\/single-anchor-points\/stabil-10-sta-10-posamezna-sidriscna-tocka-ali-stebricek-za-vse-konstrukcije\/"]}]},{"@type":"ImageObject","inLanguage":"en-US","@id":"https:\/\/eu-safety.si\/en\/trgovina\/lifeline-systems\/single-anchor-points\/stabil-10-sta-10-posamezna-sidriscna-tocka-ali-stebricek-za-vse-konstrukcije\/#primaryimage","url":"https:\/\/eu-safety.si\/en\/wp-content\/uploads\/sites\/4\/2020\/08\/innotech-posamezna-sta10.jpg","contentUrl":"https:\/\/eu-safety.si\/en\/wp-content\/uploads\/sites\/4\/2020\/08\/innotech-posamezna-sta10.jpg","width":300,"height":289},{"@type":"BreadcrumbList","@id":"https:\/\/eu-safety.si\/en\/trgovina\/lifeline-systems\/single-anchor-points\/stabil-10-sta-10-posamezna-sidriscna-tocka-ali-stebricek-za-vse-konstrukcije\/#breadcrumb","itemListElement":[{"@type":"ListItem","position":1,"name":"Home","item":"https:\/\/eu-safety.si\/en\/"},{"@type":"ListItem","position":2,"name":"Izdelki","item":"https:\/\/eu-safety.si\/en\/shop\/"},{"@type":"ListItem","position":3,"name":"STABIL-10 STA-10 (Posamezna sidri\u0161\u010dna to\u010dka ali stebri\u010dek za vse konstrukcije)"}]},{"@type":"WebSite","@id":"https:\/\/eu-safety.si\/en\/#website","url":"https:\/\/eu-safety.si\/en\/","name":"Eusafety EN","description":"Fall protection","potentialAction":[{"@type":"SearchAction","target":{"@type":"EntryPoint","urlTemplate":"https:\/\/eu-safety.si\/en\/?s={search_term_string}"},"query-input":{"@type":"PropertyValueSpecification","valueRequired":true,"valueName":"search_term_string"}}],"inLanguage":"en-US"}]}},"acf":[],"_links":{"self":[{"href":"https:\/\/eu-safety.si\/en\/wp-json\/wp\/v2\/product\/881","targetHints":{"allow":["GET"]}}],"collection":[{"href":"https:\/\/eu-safety.si\/en\/wp-json\/wp\/v2\/product"}],"about":[{"href":"https:\/\/eu-safety.si\/en\/wp-json\/wp\/v2\/types\/product"}],"wp:featuredmedia":[{"embeddable":true,"href":"https:\/\/eu-safety.si\/en\/wp-json\/wp\/v2\/media\/882"}],"wp:attachment":[{"href":"https:\/\/eu-safety.si\/en\/wp-json\/wp\/v2\/media?parent=881"}],"wp:term":[{"taxonomy":"product_cat","embeddable":true,"href":"https:\/\/eu-safety.si\/en\/wp-json\/wp\/v2\/product_cat?post=881"},{"taxonomy":"product_tag","embeddable":true,"href":"https:\/\/eu-safety.si\/en\/wp-json\/wp\/v2\/product_tag?post=881"}],"curies":[{"name":"wp","href":"https:\/\/api.w.org\/{rel}","templated":true}]}}