{"id":893,"date":"2020-08-03T21:44:12","date_gmt":"2020-08-03T19:44:12","guid":{"rendered":"https:\/\/eu-safety.si\/en\/?post_type=product&#038;p=893"},"modified":"2020-08-03T21:46:13","modified_gmt":"2020-08-03T19:46:13","slug":"eap-lock-posamezna-sidriscna-tocka-s-snemljivim-vrtljivim-sidriscnim-ocesom","status":"publish","type":"product","link":"https:\/\/eu-safety.si\/en\/trgovina\/lifeline-systems\/single-anchor-points\/eap-lock-posamezna-sidriscna-tocka-s-snemljivim-vrtljivim-sidriscnim-ocesom\/","title":{"rendered":"EAP-LOCK (Posamezna sidri\u0161\u010dna to\u010dka s snemljivim vrtljivim sidri\u0161\u010dnim o\u010desom)"},"content":{"rendered":"","protected":false},"excerpt":{"rendered":"<p>Posamezna sidri\u0161\u010dna to\u010dka LOCK-13 podjetja INNOTECH s<br \/>\nsnemljivim vrtljivim sidri\u0161\u010dnim o\u010desom, omogo\u010da za\u0161\u010dito dvem osebam (vklju\u010dno z eno osebo za nudenje prve pomo\u010di) z osebno varovalno opremo. Vlo\u017eek LOCK-11, je trajno pritrjen v zid in ima za\u0161\u010ditni pokrov, ki primerno pokriva eno samo sidri\u0161\u010dno to\u010dko, ko je ne uporabljate. Izvedeno je bilo testiranje in sicer stati\u010dno in dinami\u010dno na konstrukcijo.<\/p>\n","protected":false},"featured_media":894,"template":"","meta":{"_acf_changed":false},"product_cat":[31,42],"product_tag":[],"class_list":{"0":"post-893","1":"product","2":"type-product","3":"status-publish","4":"has-post-thumbnail","6":"product_cat-lifeline-systems","7":"product_cat-single-anchor-points","9":"first","10":"instock","11":"shipping-taxable","12":"product-type-simple"},"yoast_head":"<!-- This site is optimized with the Yoast SEO plugin v24.2 - https:\/\/yoast.com\/wordpress\/plugins\/seo\/ -->\n<title>EAP-LOCK (Posamezna sidri\u0161\u010dna to\u010dka s snemljivim vrtljivim sidri\u0161\u010dnim o\u010desom) - Eusafety EN<\/title>\n<meta name=\"robots\" content=\"noindex, follow, max-snippet:-1, max-image-preview:large, max-video-preview:-1\" \/>\n<meta property=\"og:locale\" content=\"en_US\" \/>\n<meta property=\"og:type\" content=\"article\" \/>\n<meta property=\"og:title\" content=\"EAP-LOCK (Posamezna sidri\u0161\u010dna to\u010dka s snemljivim vrtljivim sidri\u0161\u010dnim o\u010desom) - Eusafety EN\" \/>\n<meta property=\"og:description\" content=\"Posamezna sidri\u0161\u010dna to\u010dka LOCK-13 podjetja INNOTECH s snemljivim vrtljivim sidri\u0161\u010dnim o\u010desom, omogo\u010da za\u0161\u010dito dvem osebam (vklju\u010dno z eno osebo za nudenje prve pomo\u010di) z osebno varovalno opremo. Vlo\u017eek LOCK-11, je trajno pritrjen v zid in ima za\u0161\u010ditni pokrov, ki primerno pokriva eno samo sidri\u0161\u010dno to\u010dko, ko je ne uporabljate. Izvedeno je bilo testiranje in sicer stati\u010dno in dinami\u010dno na konstrukcijo.\" \/>\n<meta property=\"og:url\" content=\"https:\/\/eu-safety.si\/en\/trgovina\/lifeline-systems\/single-anchor-points\/eap-lock-posamezna-sidriscna-tocka-s-snemljivim-vrtljivim-sidriscnim-ocesom\/\" \/>\n<meta property=\"og:site_name\" content=\"Eusafety EN\" \/>\n<meta property=\"article:modified_time\" content=\"2020-08-03T19:46:13+00:00\" \/>\n<meta property=\"og:image\" content=\"https:\/\/eu-safety.si\/en\/wp-content\/uploads\/sites\/4\/2020\/08\/innotech-eap-lock.jpg\" \/>\n\t<meta property=\"og:image:width\" content=\"300\" \/>\n\t<meta property=\"og:image:height\" content=\"289\" \/>\n\t<meta property=\"og:image:type\" content=\"image\/jpeg\" \/>\n<meta name=\"twitter:card\" content=\"summary_large_image\" \/>\n<script type=\"application\/ld+json\" class=\"yoast-schema-graph\">{\"@context\":\"https:\/\/schema.org\",\"@graph\":[{\"@type\":\"WebPage\",\"@id\":\"https:\/\/eu-safety.si\/en\/trgovina\/lifeline-systems\/single-anchor-points\/eap-lock-posamezna-sidriscna-tocka-s-snemljivim-vrtljivim-sidriscnim-ocesom\/\",\"url\":\"https:\/\/eu-safety.si\/en\/trgovina\/lifeline-systems\/single-anchor-points\/eap-lock-posamezna-sidriscna-tocka-s-snemljivim-vrtljivim-sidriscnim-ocesom\/\",\"name\":\"EAP-LOCK (Posamezna sidri\u0161\u010dna to\u010dka s snemljivim vrtljivim sidri\u0161\u010dnim o\u010desom) - Eusafety EN\",\"isPartOf\":{\"@id\":\"https:\/\/eu-safety.si\/en\/#website\"},\"primaryImageOfPage\":{\"@id\":\"https:\/\/eu-safety.si\/en\/trgovina\/lifeline-systems\/single-anchor-points\/eap-lock-posamezna-sidriscna-tocka-s-snemljivim-vrtljivim-sidriscnim-ocesom\/#primaryimage\"},\"image\":{\"@id\":\"https:\/\/eu-safety.si\/en\/trgovina\/lifeline-systems\/single-anchor-points\/eap-lock-posamezna-sidriscna-tocka-s-snemljivim-vrtljivim-sidriscnim-ocesom\/#primaryimage\"},\"thumbnailUrl\":\"https:\/\/eu-safety.si\/en\/wp-content\/uploads\/sites\/4\/2020\/08\/innotech-eap-lock.jpg\",\"datePublished\":\"2020-08-03T19:44:12+00:00\",\"dateModified\":\"2020-08-03T19:46:13+00:00\",\"breadcrumb\":{\"@id\":\"https:\/\/eu-safety.si\/en\/trgovina\/lifeline-systems\/single-anchor-points\/eap-lock-posamezna-sidriscna-tocka-s-snemljivim-vrtljivim-sidriscnim-ocesom\/#breadcrumb\"},\"inLanguage\":\"en-US\",\"potentialAction\":[{\"@type\":\"ReadAction\",\"target\":[\"https:\/\/eu-safety.si\/en\/trgovina\/lifeline-systems\/single-anchor-points\/eap-lock-posamezna-sidriscna-tocka-s-snemljivim-vrtljivim-sidriscnim-ocesom\/\"]}]},{\"@type\":\"ImageObject\",\"inLanguage\":\"en-US\",\"@id\":\"https:\/\/eu-safety.si\/en\/trgovina\/lifeline-systems\/single-anchor-points\/eap-lock-posamezna-sidriscna-tocka-s-snemljivim-vrtljivim-sidriscnim-ocesom\/#primaryimage\",\"url\":\"https:\/\/eu-safety.si\/en\/wp-content\/uploads\/sites\/4\/2020\/08\/innotech-eap-lock.jpg\",\"contentUrl\":\"https:\/\/eu-safety.si\/en\/wp-content\/uploads\/sites\/4\/2020\/08\/innotech-eap-lock.jpg\",\"width\":300,\"height\":289},{\"@type\":\"BreadcrumbList\",\"@id\":\"https:\/\/eu-safety.si\/en\/trgovina\/lifeline-systems\/single-anchor-points\/eap-lock-posamezna-sidriscna-tocka-s-snemljivim-vrtljivim-sidriscnim-ocesom\/#breadcrumb\",\"itemListElement\":[{\"@type\":\"ListItem\",\"position\":1,\"name\":\"Home\",\"item\":\"https:\/\/eu-safety.si\/en\/\"},{\"@type\":\"ListItem\",\"position\":2,\"name\":\"Izdelki\",\"item\":\"https:\/\/eu-safety.si\/en\/shop\/\"},{\"@type\":\"ListItem\",\"position\":3,\"name\":\"EAP-LOCK (Posamezna sidri\u0161\u010dna to\u010dka s snemljivim vrtljivim sidri\u0161\u010dnim o\u010desom)\"}]},{\"@type\":\"WebSite\",\"@id\":\"https:\/\/eu-safety.si\/en\/#website\",\"url\":\"https:\/\/eu-safety.si\/en\/\",\"name\":\"Eusafety EN\",\"description\":\"Fall protection\",\"potentialAction\":[{\"@type\":\"SearchAction\",\"target\":{\"@type\":\"EntryPoint\",\"urlTemplate\":\"https:\/\/eu-safety.si\/en\/?s={search_term_string}\"},\"query-input\":{\"@type\":\"PropertyValueSpecification\",\"valueRequired\":true,\"valueName\":\"search_term_string\"}}],\"inLanguage\":\"en-US\"}]}<\/script>\n<!-- \/ Yoast SEO plugin. -->","yoast_head_json":{"title":"EAP-LOCK (Posamezna sidri\u0161\u010dna to\u010dka s snemljivim vrtljivim sidri\u0161\u010dnim o\u010desom) - Eusafety EN","robots":{"index":"noindex","follow":"follow","max-snippet":"max-snippet:-1","max-image-preview":"max-image-preview:large","max-video-preview":"max-video-preview:-1"},"og_locale":"en_US","og_type":"article","og_title":"EAP-LOCK (Posamezna sidri\u0161\u010dna to\u010dka s snemljivim vrtljivim sidri\u0161\u010dnim o\u010desom) - Eusafety EN","og_description":"Posamezna sidri\u0161\u010dna to\u010dka LOCK-13 podjetja INNOTECH s snemljivim vrtljivim sidri\u0161\u010dnim o\u010desom, omogo\u010da za\u0161\u010dito dvem osebam (vklju\u010dno z eno osebo za nudenje prve pomo\u010di) z osebno varovalno opremo. Vlo\u017eek LOCK-11, je trajno pritrjen v zid in ima za\u0161\u010ditni pokrov, ki primerno pokriva eno samo sidri\u0161\u010dno to\u010dko, ko je ne uporabljate. Izvedeno je bilo testiranje in sicer stati\u010dno in dinami\u010dno na konstrukcijo.","og_url":"https:\/\/eu-safety.si\/en\/trgovina\/lifeline-systems\/single-anchor-points\/eap-lock-posamezna-sidriscna-tocka-s-snemljivim-vrtljivim-sidriscnim-ocesom\/","og_site_name":"Eusafety EN","article_modified_time":"2020-08-03T19:46:13+00:00","og_image":[{"width":300,"height":289,"url":"https:\/\/eu-safety.si\/en\/wp-content\/uploads\/sites\/4\/2020\/08\/innotech-eap-lock.jpg","type":"image\/jpeg"}],"twitter_card":"summary_large_image","schema":{"@context":"https:\/\/schema.org","@graph":[{"@type":"WebPage","@id":"https:\/\/eu-safety.si\/en\/trgovina\/lifeline-systems\/single-anchor-points\/eap-lock-posamezna-sidriscna-tocka-s-snemljivim-vrtljivim-sidriscnim-ocesom\/","url":"https:\/\/eu-safety.si\/en\/trgovina\/lifeline-systems\/single-anchor-points\/eap-lock-posamezna-sidriscna-tocka-s-snemljivim-vrtljivim-sidriscnim-ocesom\/","name":"EAP-LOCK (Posamezna sidri\u0161\u010dna to\u010dka s snemljivim vrtljivim sidri\u0161\u010dnim o\u010desom) - Eusafety EN","isPartOf":{"@id":"https:\/\/eu-safety.si\/en\/#website"},"primaryImageOfPage":{"@id":"https:\/\/eu-safety.si\/en\/trgovina\/lifeline-systems\/single-anchor-points\/eap-lock-posamezna-sidriscna-tocka-s-snemljivim-vrtljivim-sidriscnim-ocesom\/#primaryimage"},"image":{"@id":"https:\/\/eu-safety.si\/en\/trgovina\/lifeline-systems\/single-anchor-points\/eap-lock-posamezna-sidriscna-tocka-s-snemljivim-vrtljivim-sidriscnim-ocesom\/#primaryimage"},"thumbnailUrl":"https:\/\/eu-safety.si\/en\/wp-content\/uploads\/sites\/4\/2020\/08\/innotech-eap-lock.jpg","datePublished":"2020-08-03T19:44:12+00:00","dateModified":"2020-08-03T19:46:13+00:00","breadcrumb":{"@id":"https:\/\/eu-safety.si\/en\/trgovina\/lifeline-systems\/single-anchor-points\/eap-lock-posamezna-sidriscna-tocka-s-snemljivim-vrtljivim-sidriscnim-ocesom\/#breadcrumb"},"inLanguage":"en-US","potentialAction":[{"@type":"ReadAction","target":["https:\/\/eu-safety.si\/en\/trgovina\/lifeline-systems\/single-anchor-points\/eap-lock-posamezna-sidriscna-tocka-s-snemljivim-vrtljivim-sidriscnim-ocesom\/"]}]},{"@type":"ImageObject","inLanguage":"en-US","@id":"https:\/\/eu-safety.si\/en\/trgovina\/lifeline-systems\/single-anchor-points\/eap-lock-posamezna-sidriscna-tocka-s-snemljivim-vrtljivim-sidriscnim-ocesom\/#primaryimage","url":"https:\/\/eu-safety.si\/en\/wp-content\/uploads\/sites\/4\/2020\/08\/innotech-eap-lock.jpg","contentUrl":"https:\/\/eu-safety.si\/en\/wp-content\/uploads\/sites\/4\/2020\/08\/innotech-eap-lock.jpg","width":300,"height":289},{"@type":"BreadcrumbList","@id":"https:\/\/eu-safety.si\/en\/trgovina\/lifeline-systems\/single-anchor-points\/eap-lock-posamezna-sidriscna-tocka-s-snemljivim-vrtljivim-sidriscnim-ocesom\/#breadcrumb","itemListElement":[{"@type":"ListItem","position":1,"name":"Home","item":"https:\/\/eu-safety.si\/en\/"},{"@type":"ListItem","position":2,"name":"Izdelki","item":"https:\/\/eu-safety.si\/en\/shop\/"},{"@type":"ListItem","position":3,"name":"EAP-LOCK (Posamezna sidri\u0161\u010dna to\u010dka s snemljivim vrtljivim sidri\u0161\u010dnim o\u010desom)"}]},{"@type":"WebSite","@id":"https:\/\/eu-safety.si\/en\/#website","url":"https:\/\/eu-safety.si\/en\/","name":"Eusafety EN","description":"Fall protection","potentialAction":[{"@type":"SearchAction","target":{"@type":"EntryPoint","urlTemplate":"https:\/\/eu-safety.si\/en\/?s={search_term_string}"},"query-input":{"@type":"PropertyValueSpecification","valueRequired":true,"valueName":"search_term_string"}}],"inLanguage":"en-US"}]}},"acf":[],"_links":{"self":[{"href":"https:\/\/eu-safety.si\/en\/wp-json\/wp\/v2\/product\/893","targetHints":{"allow":["GET"]}}],"collection":[{"href":"https:\/\/eu-safety.si\/en\/wp-json\/wp\/v2\/product"}],"about":[{"href":"https:\/\/eu-safety.si\/en\/wp-json\/wp\/v2\/types\/product"}],"wp:featuredmedia":[{"embeddable":true,"href":"https:\/\/eu-safety.si\/en\/wp-json\/wp\/v2\/media\/894"}],"wp:attachment":[{"href":"https:\/\/eu-safety.si\/en\/wp-json\/wp\/v2\/media?parent=893"}],"wp:term":[{"taxonomy":"product_cat","embeddable":true,"href":"https:\/\/eu-safety.si\/en\/wp-json\/wp\/v2\/product_cat?post=893"},{"taxonomy":"product_tag","embeddable":true,"href":"https:\/\/eu-safety.si\/en\/wp-json\/wp\/v2\/product_tag?post=893"}],"curies":[{"name":"wp","href":"https:\/\/api.w.org\/{rel}","templated":true}]}}