{"id":895,"date":"2020-08-03T21:46:19","date_gmt":"2020-08-03T19:46:19","guid":{"rendered":"https:\/\/eu-safety.si\/en\/?post_type=product&#038;p=895"},"modified":"2020-08-03T21:48:33","modified_gmt":"2020-08-03T19:48:33","slug":"sand-sidrisce-za-varovalne-sisteme-za-na-trapezne-plocevine-in-stevilne-sistemske-strehe","status":"publish","type":"product","link":"https:\/\/eu-safety.si\/en\/trgovina\/lifeline-systems\/single-anchor-points\/sand-sidrisce-za-varovalne-sisteme-za-na-trapezne-plocevine-in-stevilne-sistemske-strehe\/","title":{"rendered":"SAND (Sidri\u0161\u010de za varovalne sisteme za na trapezne plo\u010devine in \u0161tevilne sistemske strehe)"},"content":{"rendered":"","protected":false},"excerpt":{"rendered":"<p>Vi\u0161ina varovalnega sistema SAND je zelo nizka, zato jih je mogo\u010de enostavno namestiti, zaradi \u010desar so arhitekturno neopazni. Razli\u010dne re\u0161itve SAND omogo\u010dajo prekrivanje zelo veliko razli\u010dnih dimenzij trapeznih plo\u010devin za \u0161tevilne sistemske strehe, ki so na voljo na trgu. Poleg tega se sidri\u0161\u010de SAND v varovalnem sistemu z jeklenico lahko uporablja kot kon\u010dni, vogalni ali vmesni nosilec. Pritrdilni elementi prihranijo dodaten \u010das pri namestitvi.<br \/>\nSidri\u0161\u010de je testirano na bo\u010dne obremenitve in lahko varuje do tri osebe pred padcem s strehe.<\/p>\n","protected":false},"featured_media":896,"template":"","meta":{"_acf_changed":false},"product_cat":[31,42],"product_tag":[],"class_list":{"0":"post-895","1":"product","2":"type-product","3":"status-publish","4":"has-post-thumbnail","6":"product_cat-lifeline-systems","7":"product_cat-single-anchor-points","9":"first","10":"instock","11":"shipping-taxable","12":"product-type-simple"},"yoast_head":"<!-- This site is optimized with the Yoast SEO plugin v24.2 - https:\/\/yoast.com\/wordpress\/plugins\/seo\/ -->\n<title>SAND (Sidri\u0161\u010de za varovalne sisteme za na trapezne plo\u010devine in \u0161tevilne sistemske strehe) - Eusafety EN<\/title>\n<meta name=\"robots\" content=\"noindex, follow, max-snippet:-1, max-image-preview:large, max-video-preview:-1\" \/>\n<meta property=\"og:locale\" content=\"en_US\" \/>\n<meta property=\"og:type\" content=\"article\" \/>\n<meta property=\"og:title\" content=\"SAND (Sidri\u0161\u010de za varovalne sisteme za na trapezne plo\u010devine in \u0161tevilne sistemske strehe) - Eusafety EN\" \/>\n<meta property=\"og:description\" content=\"Vi\u0161ina varovalnega sistema SAND je zelo nizka, zato jih je mogo\u010de enostavno namestiti, zaradi \u010desar so arhitekturno neopazni. Razli\u010dne re\u0161itve SAND omogo\u010dajo prekrivanje zelo veliko razli\u010dnih dimenzij trapeznih plo\u010devin za \u0161tevilne sistemske strehe, ki so na voljo na trgu. Poleg tega se sidri\u0161\u010de SAND v varovalnem sistemu z jeklenico lahko uporablja kot kon\u010dni, vogalni ali vmesni nosilec. Pritrdilni elementi prihranijo dodaten \u010das pri namestitvi.  Sidri\u0161\u010de je testirano na bo\u010dne obremenitve in lahko varuje do tri osebe pred padcem s strehe.\" \/>\n<meta property=\"og:url\" content=\"https:\/\/eu-safety.si\/en\/trgovina\/lifeline-systems\/single-anchor-points\/sand-sidrisce-za-varovalne-sisteme-za-na-trapezne-plocevine-in-stevilne-sistemske-strehe\/\" \/>\n<meta property=\"og:site_name\" content=\"Eusafety EN\" \/>\n<meta property=\"article:modified_time\" content=\"2020-08-03T19:48:33+00:00\" \/>\n<meta property=\"og:image\" content=\"https:\/\/eu-safety.si\/en\/wp-content\/uploads\/sites\/4\/2020\/08\/innotech-sand.jpg\" \/>\n\t<meta property=\"og:image:width\" content=\"300\" \/>\n\t<meta property=\"og:image:height\" content=\"289\" \/>\n\t<meta property=\"og:image:type\" content=\"image\/jpeg\" \/>\n<meta name=\"twitter:card\" content=\"summary_large_image\" \/>\n<script type=\"application\/ld+json\" class=\"yoast-schema-graph\">{\"@context\":\"https:\/\/schema.org\",\"@graph\":[{\"@type\":\"WebPage\",\"@id\":\"https:\/\/eu-safety.si\/en\/trgovina\/lifeline-systems\/single-anchor-points\/sand-sidrisce-za-varovalne-sisteme-za-na-trapezne-plocevine-in-stevilne-sistemske-strehe\/\",\"url\":\"https:\/\/eu-safety.si\/en\/trgovina\/lifeline-systems\/single-anchor-points\/sand-sidrisce-za-varovalne-sisteme-za-na-trapezne-plocevine-in-stevilne-sistemske-strehe\/\",\"name\":\"SAND (Sidri\u0161\u010de za varovalne sisteme za na trapezne plo\u010devine in \u0161tevilne sistemske strehe) - Eusafety EN\",\"isPartOf\":{\"@id\":\"https:\/\/eu-safety.si\/en\/#website\"},\"primaryImageOfPage\":{\"@id\":\"https:\/\/eu-safety.si\/en\/trgovina\/lifeline-systems\/single-anchor-points\/sand-sidrisce-za-varovalne-sisteme-za-na-trapezne-plocevine-in-stevilne-sistemske-strehe\/#primaryimage\"},\"image\":{\"@id\":\"https:\/\/eu-safety.si\/en\/trgovina\/lifeline-systems\/single-anchor-points\/sand-sidrisce-za-varovalne-sisteme-za-na-trapezne-plocevine-in-stevilne-sistemske-strehe\/#primaryimage\"},\"thumbnailUrl\":\"https:\/\/eu-safety.si\/en\/wp-content\/uploads\/sites\/4\/2020\/08\/innotech-sand.jpg\",\"datePublished\":\"2020-08-03T19:46:19+00:00\",\"dateModified\":\"2020-08-03T19:48:33+00:00\",\"breadcrumb\":{\"@id\":\"https:\/\/eu-safety.si\/en\/trgovina\/lifeline-systems\/single-anchor-points\/sand-sidrisce-za-varovalne-sisteme-za-na-trapezne-plocevine-in-stevilne-sistemske-strehe\/#breadcrumb\"},\"inLanguage\":\"en-US\",\"potentialAction\":[{\"@type\":\"ReadAction\",\"target\":[\"https:\/\/eu-safety.si\/en\/trgovina\/lifeline-systems\/single-anchor-points\/sand-sidrisce-za-varovalne-sisteme-za-na-trapezne-plocevine-in-stevilne-sistemske-strehe\/\"]}]},{\"@type\":\"ImageObject\",\"inLanguage\":\"en-US\",\"@id\":\"https:\/\/eu-safety.si\/en\/trgovina\/lifeline-systems\/single-anchor-points\/sand-sidrisce-za-varovalne-sisteme-za-na-trapezne-plocevine-in-stevilne-sistemske-strehe\/#primaryimage\",\"url\":\"https:\/\/eu-safety.si\/en\/wp-content\/uploads\/sites\/4\/2020\/08\/innotech-sand.jpg\",\"contentUrl\":\"https:\/\/eu-safety.si\/en\/wp-content\/uploads\/sites\/4\/2020\/08\/innotech-sand.jpg\",\"width\":300,\"height\":289},{\"@type\":\"BreadcrumbList\",\"@id\":\"https:\/\/eu-safety.si\/en\/trgovina\/lifeline-systems\/single-anchor-points\/sand-sidrisce-za-varovalne-sisteme-za-na-trapezne-plocevine-in-stevilne-sistemske-strehe\/#breadcrumb\",\"itemListElement\":[{\"@type\":\"ListItem\",\"position\":1,\"name\":\"Home\",\"item\":\"https:\/\/eu-safety.si\/en\/\"},{\"@type\":\"ListItem\",\"position\":2,\"name\":\"Izdelki\",\"item\":\"https:\/\/eu-safety.si\/en\/shop\/\"},{\"@type\":\"ListItem\",\"position\":3,\"name\":\"SAND (Sidri\u0161\u010de za varovalne sisteme za na trapezne plo\u010devine in \u0161tevilne sistemske strehe)\"}]},{\"@type\":\"WebSite\",\"@id\":\"https:\/\/eu-safety.si\/en\/#website\",\"url\":\"https:\/\/eu-safety.si\/en\/\",\"name\":\"Eusafety EN\",\"description\":\"Fall protection\",\"potentialAction\":[{\"@type\":\"SearchAction\",\"target\":{\"@type\":\"EntryPoint\",\"urlTemplate\":\"https:\/\/eu-safety.si\/en\/?s={search_term_string}\"},\"query-input\":{\"@type\":\"PropertyValueSpecification\",\"valueRequired\":true,\"valueName\":\"search_term_string\"}}],\"inLanguage\":\"en-US\"}]}<\/script>\n<!-- \/ Yoast SEO plugin. -->","yoast_head_json":{"title":"SAND (Sidri\u0161\u010de za varovalne sisteme za na trapezne plo\u010devine in \u0161tevilne sistemske strehe) - Eusafety EN","robots":{"index":"noindex","follow":"follow","max-snippet":"max-snippet:-1","max-image-preview":"max-image-preview:large","max-video-preview":"max-video-preview:-1"},"og_locale":"en_US","og_type":"article","og_title":"SAND (Sidri\u0161\u010de za varovalne sisteme za na trapezne plo\u010devine in \u0161tevilne sistemske strehe) - Eusafety EN","og_description":"Vi\u0161ina varovalnega sistema SAND je zelo nizka, zato jih je mogo\u010de enostavno namestiti, zaradi \u010desar so arhitekturno neopazni. Razli\u010dne re\u0161itve SAND omogo\u010dajo prekrivanje zelo veliko razli\u010dnih dimenzij trapeznih plo\u010devin za \u0161tevilne sistemske strehe, ki so na voljo na trgu. Poleg tega se sidri\u0161\u010de SAND v varovalnem sistemu z jeklenico lahko uporablja kot kon\u010dni, vogalni ali vmesni nosilec. Pritrdilni elementi prihranijo dodaten \u010das pri namestitvi.  Sidri\u0161\u010de je testirano na bo\u010dne obremenitve in lahko varuje do tri osebe pred padcem s strehe.","og_url":"https:\/\/eu-safety.si\/en\/trgovina\/lifeline-systems\/single-anchor-points\/sand-sidrisce-za-varovalne-sisteme-za-na-trapezne-plocevine-in-stevilne-sistemske-strehe\/","og_site_name":"Eusafety EN","article_modified_time":"2020-08-03T19:48:33+00:00","og_image":[{"width":300,"height":289,"url":"https:\/\/eu-safety.si\/en\/wp-content\/uploads\/sites\/4\/2020\/08\/innotech-sand.jpg","type":"image\/jpeg"}],"twitter_card":"summary_large_image","schema":{"@context":"https:\/\/schema.org","@graph":[{"@type":"WebPage","@id":"https:\/\/eu-safety.si\/en\/trgovina\/lifeline-systems\/single-anchor-points\/sand-sidrisce-za-varovalne-sisteme-za-na-trapezne-plocevine-in-stevilne-sistemske-strehe\/","url":"https:\/\/eu-safety.si\/en\/trgovina\/lifeline-systems\/single-anchor-points\/sand-sidrisce-za-varovalne-sisteme-za-na-trapezne-plocevine-in-stevilne-sistemske-strehe\/","name":"SAND (Sidri\u0161\u010de za varovalne sisteme za na trapezne plo\u010devine in \u0161tevilne sistemske strehe) - Eusafety EN","isPartOf":{"@id":"https:\/\/eu-safety.si\/en\/#website"},"primaryImageOfPage":{"@id":"https:\/\/eu-safety.si\/en\/trgovina\/lifeline-systems\/single-anchor-points\/sand-sidrisce-za-varovalne-sisteme-za-na-trapezne-plocevine-in-stevilne-sistemske-strehe\/#primaryimage"},"image":{"@id":"https:\/\/eu-safety.si\/en\/trgovina\/lifeline-systems\/single-anchor-points\/sand-sidrisce-za-varovalne-sisteme-za-na-trapezne-plocevine-in-stevilne-sistemske-strehe\/#primaryimage"},"thumbnailUrl":"https:\/\/eu-safety.si\/en\/wp-content\/uploads\/sites\/4\/2020\/08\/innotech-sand.jpg","datePublished":"2020-08-03T19:46:19+00:00","dateModified":"2020-08-03T19:48:33+00:00","breadcrumb":{"@id":"https:\/\/eu-safety.si\/en\/trgovina\/lifeline-systems\/single-anchor-points\/sand-sidrisce-za-varovalne-sisteme-za-na-trapezne-plocevine-in-stevilne-sistemske-strehe\/#breadcrumb"},"inLanguage":"en-US","potentialAction":[{"@type":"ReadAction","target":["https:\/\/eu-safety.si\/en\/trgovina\/lifeline-systems\/single-anchor-points\/sand-sidrisce-za-varovalne-sisteme-za-na-trapezne-plocevine-in-stevilne-sistemske-strehe\/"]}]},{"@type":"ImageObject","inLanguage":"en-US","@id":"https:\/\/eu-safety.si\/en\/trgovina\/lifeline-systems\/single-anchor-points\/sand-sidrisce-za-varovalne-sisteme-za-na-trapezne-plocevine-in-stevilne-sistemske-strehe\/#primaryimage","url":"https:\/\/eu-safety.si\/en\/wp-content\/uploads\/sites\/4\/2020\/08\/innotech-sand.jpg","contentUrl":"https:\/\/eu-safety.si\/en\/wp-content\/uploads\/sites\/4\/2020\/08\/innotech-sand.jpg","width":300,"height":289},{"@type":"BreadcrumbList","@id":"https:\/\/eu-safety.si\/en\/trgovina\/lifeline-systems\/single-anchor-points\/sand-sidrisce-za-varovalne-sisteme-za-na-trapezne-plocevine-in-stevilne-sistemske-strehe\/#breadcrumb","itemListElement":[{"@type":"ListItem","position":1,"name":"Home","item":"https:\/\/eu-safety.si\/en\/"},{"@type":"ListItem","position":2,"name":"Izdelki","item":"https:\/\/eu-safety.si\/en\/shop\/"},{"@type":"ListItem","position":3,"name":"SAND (Sidri\u0161\u010de za varovalne sisteme za na trapezne plo\u010devine in \u0161tevilne sistemske strehe)"}]},{"@type":"WebSite","@id":"https:\/\/eu-safety.si\/en\/#website","url":"https:\/\/eu-safety.si\/en\/","name":"Eusafety EN","description":"Fall protection","potentialAction":[{"@type":"SearchAction","target":{"@type":"EntryPoint","urlTemplate":"https:\/\/eu-safety.si\/en\/?s={search_term_string}"},"query-input":{"@type":"PropertyValueSpecification","valueRequired":true,"valueName":"search_term_string"}}],"inLanguage":"en-US"}]}},"acf":[],"_links":{"self":[{"href":"https:\/\/eu-safety.si\/en\/wp-json\/wp\/v2\/product\/895","targetHints":{"allow":["GET"]}}],"collection":[{"href":"https:\/\/eu-safety.si\/en\/wp-json\/wp\/v2\/product"}],"about":[{"href":"https:\/\/eu-safety.si\/en\/wp-json\/wp\/v2\/types\/product"}],"wp:featuredmedia":[{"embeddable":true,"href":"https:\/\/eu-safety.si\/en\/wp-json\/wp\/v2\/media\/896"}],"wp:attachment":[{"href":"https:\/\/eu-safety.si\/en\/wp-json\/wp\/v2\/media?parent=895"}],"wp:term":[{"taxonomy":"product_cat","embeddable":true,"href":"https:\/\/eu-safety.si\/en\/wp-json\/wp\/v2\/product_cat?post=895"},{"taxonomy":"product_tag","embeddable":true,"href":"https:\/\/eu-safety.si\/en\/wp-json\/wp\/v2\/product_tag?post=895"}],"curies":[{"name":"wp","href":"https:\/\/api.w.org\/{rel}","templated":true}]}}