{"id":899,"date":"2020-08-03T21:55:01","date_gmt":"2020-08-03T19:55:01","guid":{"rendered":"https:\/\/eu-safety.si\/en\/?post_type=product&#038;p=899"},"modified":"2020-08-03T21:55:02","modified_gmt":"2020-08-03T19:55:02","slug":"vario","status":"publish","type":"product","link":"https:\/\/eu-safety.si\/en\/trgovina\/lifeline-systems\/barrier\/barrier-for-collective-protection\/vario\/","title":{"rendered":"VARIO"},"content":{"rendered":"","protected":false},"excerpt":{"rendered":"<p>INNOTECH varovalna ograja BARRIER-VARIO, je na streho name\u0161\u010dena z prenosnimi ute\u017emi in jo je mo\u017eno hitro prestaviti. Ograja je po vi\u0161ini nastavljiva do 125 mm in zato se lepo prilega tudi na strehah z naklonom. V kolikor obstaja estetska zahteva za stavbo, se naklon ograje lahko nastavi na 75\u1d52 ali se popolnoma zlo\u017ei v le\u017ee\u010di polo\u017eaj in tako izpolnjuje morebitne konstrukcijske oziroma arhitekturne zahteve.<\/p>\n","protected":false},"featured_media":900,"template":"","meta":{"_acf_changed":false},"product_cat":[31,43,138],"product_tag":[],"class_list":{"0":"post-899","1":"product","2":"type-product","3":"status-publish","4":"has-post-thumbnail","6":"product_cat-lifeline-systems","7":"product_cat-barrier","8":"product_cat-barrier-for-collective-protection","10":"first","11":"instock","12":"shipping-taxable","13":"product-type-simple"},"yoast_head":"<!-- This site is optimized with the Yoast SEO plugin v24.2 - https:\/\/yoast.com\/wordpress\/plugins\/seo\/ -->\n<title>VARIO - Eusafety EN<\/title>\n<meta name=\"robots\" content=\"noindex, follow, max-snippet:-1, max-image-preview:large, max-video-preview:-1\" \/>\n<meta property=\"og:locale\" content=\"en_US\" \/>\n<meta property=\"og:type\" content=\"article\" \/>\n<meta property=\"og:title\" content=\"VARIO - Eusafety EN\" \/>\n<meta property=\"og:description\" content=\"INNOTECH varovalna ograja BARRIER-VARIO, je na streho name\u0161\u010dena z prenosnimi ute\u017emi in jo je mo\u017eno hitro prestaviti. Ograja je po vi\u0161ini nastavljiva do 125 mm in zato se lepo prilega tudi na strehah z naklonom. V kolikor obstaja estetska zahteva za stavbo, se naklon ograje lahko nastavi na 75\u1d52 ali se popolnoma zlo\u017ei v le\u017ee\u010di polo\u017eaj in tako izpolnjuje morebitne konstrukcijske oziroma arhitekturne zahteve.\" \/>\n<meta property=\"og:url\" content=\"https:\/\/eu-safety.si\/en\/trgovina\/lifeline-systems\/barrier\/barrier-for-collective-protection\/vario\/\" \/>\n<meta property=\"og:site_name\" content=\"Eusafety EN\" \/>\n<meta property=\"article:modified_time\" content=\"2020-08-03T19:55:02+00:00\" \/>\n<meta property=\"og:image\" content=\"https:\/\/eu-safety.si\/en\/wp-content\/uploads\/sites\/4\/2020\/08\/innotech-barrier-vario.jpg\" \/>\n\t<meta property=\"og:image:width\" content=\"300\" \/>\n\t<meta property=\"og:image:height\" content=\"289\" \/>\n\t<meta property=\"og:image:type\" content=\"image\/jpeg\" \/>\n<meta name=\"twitter:card\" content=\"summary_large_image\" \/>\n<script type=\"application\/ld+json\" class=\"yoast-schema-graph\">{\"@context\":\"https:\/\/schema.org\",\"@graph\":[{\"@type\":\"WebPage\",\"@id\":\"https:\/\/eu-safety.si\/en\/trgovina\/lifeline-systems\/barrier\/barrier-for-collective-protection\/vario\/\",\"url\":\"https:\/\/eu-safety.si\/en\/trgovina\/lifeline-systems\/barrier\/barrier-for-collective-protection\/vario\/\",\"name\":\"VARIO - Eusafety EN\",\"isPartOf\":{\"@id\":\"https:\/\/eu-safety.si\/en\/#website\"},\"primaryImageOfPage\":{\"@id\":\"https:\/\/eu-safety.si\/en\/trgovina\/lifeline-systems\/barrier\/barrier-for-collective-protection\/vario\/#primaryimage\"},\"image\":{\"@id\":\"https:\/\/eu-safety.si\/en\/trgovina\/lifeline-systems\/barrier\/barrier-for-collective-protection\/vario\/#primaryimage\"},\"thumbnailUrl\":\"https:\/\/eu-safety.si\/en\/wp-content\/uploads\/sites\/4\/2020\/08\/innotech-barrier-vario.jpg\",\"datePublished\":\"2020-08-03T19:55:01+00:00\",\"dateModified\":\"2020-08-03T19:55:02+00:00\",\"breadcrumb\":{\"@id\":\"https:\/\/eu-safety.si\/en\/trgovina\/lifeline-systems\/barrier\/barrier-for-collective-protection\/vario\/#breadcrumb\"},\"inLanguage\":\"en-US\",\"potentialAction\":[{\"@type\":\"ReadAction\",\"target\":[\"https:\/\/eu-safety.si\/en\/trgovina\/lifeline-systems\/barrier\/barrier-for-collective-protection\/vario\/\"]}]},{\"@type\":\"ImageObject\",\"inLanguage\":\"en-US\",\"@id\":\"https:\/\/eu-safety.si\/en\/trgovina\/lifeline-systems\/barrier\/barrier-for-collective-protection\/vario\/#primaryimage\",\"url\":\"https:\/\/eu-safety.si\/en\/wp-content\/uploads\/sites\/4\/2020\/08\/innotech-barrier-vario.jpg\",\"contentUrl\":\"https:\/\/eu-safety.si\/en\/wp-content\/uploads\/sites\/4\/2020\/08\/innotech-barrier-vario.jpg\",\"width\":300,\"height\":289},{\"@type\":\"BreadcrumbList\",\"@id\":\"https:\/\/eu-safety.si\/en\/trgovina\/lifeline-systems\/barrier\/barrier-for-collective-protection\/vario\/#breadcrumb\",\"itemListElement\":[{\"@type\":\"ListItem\",\"position\":1,\"name\":\"Home\",\"item\":\"https:\/\/eu-safety.si\/en\/\"},{\"@type\":\"ListItem\",\"position\":2,\"name\":\"Izdelki\",\"item\":\"https:\/\/eu-safety.si\/en\/shop\/\"},{\"@type\":\"ListItem\",\"position\":3,\"name\":\"VARIO\"}]},{\"@type\":\"WebSite\",\"@id\":\"https:\/\/eu-safety.si\/en\/#website\",\"url\":\"https:\/\/eu-safety.si\/en\/\",\"name\":\"Eusafety EN\",\"description\":\"Fall protection\",\"potentialAction\":[{\"@type\":\"SearchAction\",\"target\":{\"@type\":\"EntryPoint\",\"urlTemplate\":\"https:\/\/eu-safety.si\/en\/?s={search_term_string}\"},\"query-input\":{\"@type\":\"PropertyValueSpecification\",\"valueRequired\":true,\"valueName\":\"search_term_string\"}}],\"inLanguage\":\"en-US\"}]}<\/script>\n<!-- \/ Yoast SEO plugin. -->","yoast_head_json":{"title":"VARIO - Eusafety EN","robots":{"index":"noindex","follow":"follow","max-snippet":"max-snippet:-1","max-image-preview":"max-image-preview:large","max-video-preview":"max-video-preview:-1"},"og_locale":"en_US","og_type":"article","og_title":"VARIO - Eusafety EN","og_description":"INNOTECH varovalna ograja BARRIER-VARIO, je na streho name\u0161\u010dena z prenosnimi ute\u017emi in jo je mo\u017eno hitro prestaviti. Ograja je po vi\u0161ini nastavljiva do 125 mm in zato se lepo prilega tudi na strehah z naklonom. V kolikor obstaja estetska zahteva za stavbo, se naklon ograje lahko nastavi na 75\u1d52 ali se popolnoma zlo\u017ei v le\u017ee\u010di polo\u017eaj in tako izpolnjuje morebitne konstrukcijske oziroma arhitekturne zahteve.","og_url":"https:\/\/eu-safety.si\/en\/trgovina\/lifeline-systems\/barrier\/barrier-for-collective-protection\/vario\/","og_site_name":"Eusafety EN","article_modified_time":"2020-08-03T19:55:02+00:00","og_image":[{"width":300,"height":289,"url":"https:\/\/eu-safety.si\/en\/wp-content\/uploads\/sites\/4\/2020\/08\/innotech-barrier-vario.jpg","type":"image\/jpeg"}],"twitter_card":"summary_large_image","schema":{"@context":"https:\/\/schema.org","@graph":[{"@type":"WebPage","@id":"https:\/\/eu-safety.si\/en\/trgovina\/lifeline-systems\/barrier\/barrier-for-collective-protection\/vario\/","url":"https:\/\/eu-safety.si\/en\/trgovina\/lifeline-systems\/barrier\/barrier-for-collective-protection\/vario\/","name":"VARIO - Eusafety EN","isPartOf":{"@id":"https:\/\/eu-safety.si\/en\/#website"},"primaryImageOfPage":{"@id":"https:\/\/eu-safety.si\/en\/trgovina\/lifeline-systems\/barrier\/barrier-for-collective-protection\/vario\/#primaryimage"},"image":{"@id":"https:\/\/eu-safety.si\/en\/trgovina\/lifeline-systems\/barrier\/barrier-for-collective-protection\/vario\/#primaryimage"},"thumbnailUrl":"https:\/\/eu-safety.si\/en\/wp-content\/uploads\/sites\/4\/2020\/08\/innotech-barrier-vario.jpg","datePublished":"2020-08-03T19:55:01+00:00","dateModified":"2020-08-03T19:55:02+00:00","breadcrumb":{"@id":"https:\/\/eu-safety.si\/en\/trgovina\/lifeline-systems\/barrier\/barrier-for-collective-protection\/vario\/#breadcrumb"},"inLanguage":"en-US","potentialAction":[{"@type":"ReadAction","target":["https:\/\/eu-safety.si\/en\/trgovina\/lifeline-systems\/barrier\/barrier-for-collective-protection\/vario\/"]}]},{"@type":"ImageObject","inLanguage":"en-US","@id":"https:\/\/eu-safety.si\/en\/trgovina\/lifeline-systems\/barrier\/barrier-for-collective-protection\/vario\/#primaryimage","url":"https:\/\/eu-safety.si\/en\/wp-content\/uploads\/sites\/4\/2020\/08\/innotech-barrier-vario.jpg","contentUrl":"https:\/\/eu-safety.si\/en\/wp-content\/uploads\/sites\/4\/2020\/08\/innotech-barrier-vario.jpg","width":300,"height":289},{"@type":"BreadcrumbList","@id":"https:\/\/eu-safety.si\/en\/trgovina\/lifeline-systems\/barrier\/barrier-for-collective-protection\/vario\/#breadcrumb","itemListElement":[{"@type":"ListItem","position":1,"name":"Home","item":"https:\/\/eu-safety.si\/en\/"},{"@type":"ListItem","position":2,"name":"Izdelki","item":"https:\/\/eu-safety.si\/en\/shop\/"},{"@type":"ListItem","position":3,"name":"VARIO"}]},{"@type":"WebSite","@id":"https:\/\/eu-safety.si\/en\/#website","url":"https:\/\/eu-safety.si\/en\/","name":"Eusafety EN","description":"Fall protection","potentialAction":[{"@type":"SearchAction","target":{"@type":"EntryPoint","urlTemplate":"https:\/\/eu-safety.si\/en\/?s={search_term_string}"},"query-input":{"@type":"PropertyValueSpecification","valueRequired":true,"valueName":"search_term_string"}}],"inLanguage":"en-US"}]}},"acf":[],"_links":{"self":[{"href":"https:\/\/eu-safety.si\/en\/wp-json\/wp\/v2\/product\/899","targetHints":{"allow":["GET"]}}],"collection":[{"href":"https:\/\/eu-safety.si\/en\/wp-json\/wp\/v2\/product"}],"about":[{"href":"https:\/\/eu-safety.si\/en\/wp-json\/wp\/v2\/types\/product"}],"wp:featuredmedia":[{"embeddable":true,"href":"https:\/\/eu-safety.si\/en\/wp-json\/wp\/v2\/media\/900"}],"wp:attachment":[{"href":"https:\/\/eu-safety.si\/en\/wp-json\/wp\/v2\/media?parent=899"}],"wp:term":[{"taxonomy":"product_cat","embeddable":true,"href":"https:\/\/eu-safety.si\/en\/wp-json\/wp\/v2\/product_cat?post=899"},{"taxonomy":"product_tag","embeddable":true,"href":"https:\/\/eu-safety.si\/en\/wp-json\/wp\/v2\/product_tag?post=899"}],"curies":[{"name":"wp","href":"https:\/\/api.w.org\/{rel}","templated":true}]}}