{"id":901,"date":"2020-08-03T21:55:09","date_gmt":"2020-08-03T19:55:09","guid":{"rendered":"https:\/\/eu-safety.si\/en\/?post_type=product&#038;p=901"},"modified":"2020-08-03T21:56:18","modified_gmt":"2020-08-03T19:56:18","slug":"parapet","status":"publish","type":"product","link":"https:\/\/eu-safety.si\/en\/trgovina\/lifeline-systems\/barrier\/barrier-for-collective-protection\/parapet\/","title":{"rendered":"PARAPET"},"content":{"rendered":"","protected":false},"excerpt":{"rendered":"<p>Naslednja re\u0161itev podjetja INNOTECH je varovalna ograja  BARRIER-PARAPET, ki se namesti na parapet objekta. Ograja se lahko namesti na zgornjo ali notranjo stran parapeta. Naklon ograje se lahko enostavno nastavi na 90\u1d52, 75\u1d52 ali 60\u1d52. Glede na estetske zahteve stavbe, se ograja lahko popolnoma zlo\u017ei v le\u017ee\u010di polo\u017eaj.<\/p>\n","protected":false},"featured_media":902,"template":"","meta":{"_acf_changed":false},"product_cat":[31,43,138],"product_tag":[],"class_list":{"0":"post-901","1":"product","2":"type-product","3":"status-publish","4":"has-post-thumbnail","6":"product_cat-lifeline-systems","7":"product_cat-barrier","8":"product_cat-barrier-for-collective-protection","10":"first","11":"instock","12":"shipping-taxable","13":"product-type-simple"},"yoast_head":"<!-- This site is optimized with the Yoast SEO plugin v24.2 - https:\/\/yoast.com\/wordpress\/plugins\/seo\/ -->\n<title>PARAPET - Eusafety EN<\/title>\n<meta name=\"robots\" content=\"noindex, follow, max-snippet:-1, max-image-preview:large, max-video-preview:-1\" \/>\n<meta property=\"og:locale\" content=\"en_US\" \/>\n<meta property=\"og:type\" content=\"article\" \/>\n<meta property=\"og:title\" content=\"PARAPET - Eusafety EN\" \/>\n<meta property=\"og:description\" content=\"Naslednja re\u0161itev podjetja INNOTECH je varovalna ograja BARRIER-PARAPET, ki se namesti na parapet objekta. Ograja se lahko namesti na zgornjo ali notranjo stran parapeta. Naklon ograje se lahko enostavno nastavi na 90\u1d52, 75\u1d52 ali 60\u1d52. Glede na estetske zahteve stavbe, se ograja lahko popolnoma zlo\u017ei v le\u017ee\u010di polo\u017eaj.\" \/>\n<meta property=\"og:url\" content=\"https:\/\/eu-safety.si\/en\/trgovina\/lifeline-systems\/barrier\/barrier-for-collective-protection\/parapet\/\" \/>\n<meta property=\"og:site_name\" content=\"Eusafety EN\" \/>\n<meta property=\"article:modified_time\" content=\"2020-08-03T19:56:18+00:00\" \/>\n<meta property=\"og:image\" content=\"https:\/\/eu-safety.si\/en\/wp-content\/uploads\/sites\/4\/2020\/08\/innotech-barrier-parapet.jpg\" \/>\n\t<meta property=\"og:image:width\" content=\"300\" \/>\n\t<meta property=\"og:image:height\" content=\"289\" \/>\n\t<meta property=\"og:image:type\" content=\"image\/jpeg\" \/>\n<meta name=\"twitter:card\" content=\"summary_large_image\" \/>\n<script type=\"application\/ld+json\" class=\"yoast-schema-graph\">{\"@context\":\"https:\/\/schema.org\",\"@graph\":[{\"@type\":\"WebPage\",\"@id\":\"https:\/\/eu-safety.si\/en\/trgovina\/lifeline-systems\/barrier\/barrier-for-collective-protection\/parapet\/\",\"url\":\"https:\/\/eu-safety.si\/en\/trgovina\/lifeline-systems\/barrier\/barrier-for-collective-protection\/parapet\/\",\"name\":\"PARAPET - Eusafety EN\",\"isPartOf\":{\"@id\":\"https:\/\/eu-safety.si\/en\/#website\"},\"primaryImageOfPage\":{\"@id\":\"https:\/\/eu-safety.si\/en\/trgovina\/lifeline-systems\/barrier\/barrier-for-collective-protection\/parapet\/#primaryimage\"},\"image\":{\"@id\":\"https:\/\/eu-safety.si\/en\/trgovina\/lifeline-systems\/barrier\/barrier-for-collective-protection\/parapet\/#primaryimage\"},\"thumbnailUrl\":\"https:\/\/eu-safety.si\/en\/wp-content\/uploads\/sites\/4\/2020\/08\/innotech-barrier-parapet.jpg\",\"datePublished\":\"2020-08-03T19:55:09+00:00\",\"dateModified\":\"2020-08-03T19:56:18+00:00\",\"breadcrumb\":{\"@id\":\"https:\/\/eu-safety.si\/en\/trgovina\/lifeline-systems\/barrier\/barrier-for-collective-protection\/parapet\/#breadcrumb\"},\"inLanguage\":\"en-US\",\"potentialAction\":[{\"@type\":\"ReadAction\",\"target\":[\"https:\/\/eu-safety.si\/en\/trgovina\/lifeline-systems\/barrier\/barrier-for-collective-protection\/parapet\/\"]}]},{\"@type\":\"ImageObject\",\"inLanguage\":\"en-US\",\"@id\":\"https:\/\/eu-safety.si\/en\/trgovina\/lifeline-systems\/barrier\/barrier-for-collective-protection\/parapet\/#primaryimage\",\"url\":\"https:\/\/eu-safety.si\/en\/wp-content\/uploads\/sites\/4\/2020\/08\/innotech-barrier-parapet.jpg\",\"contentUrl\":\"https:\/\/eu-safety.si\/en\/wp-content\/uploads\/sites\/4\/2020\/08\/innotech-barrier-parapet.jpg\",\"width\":300,\"height\":289},{\"@type\":\"BreadcrumbList\",\"@id\":\"https:\/\/eu-safety.si\/en\/trgovina\/lifeline-systems\/barrier\/barrier-for-collective-protection\/parapet\/#breadcrumb\",\"itemListElement\":[{\"@type\":\"ListItem\",\"position\":1,\"name\":\"Home\",\"item\":\"https:\/\/eu-safety.si\/en\/\"},{\"@type\":\"ListItem\",\"position\":2,\"name\":\"Izdelki\",\"item\":\"https:\/\/eu-safety.si\/en\/shop\/\"},{\"@type\":\"ListItem\",\"position\":3,\"name\":\"PARAPET\"}]},{\"@type\":\"WebSite\",\"@id\":\"https:\/\/eu-safety.si\/en\/#website\",\"url\":\"https:\/\/eu-safety.si\/en\/\",\"name\":\"Eusafety EN\",\"description\":\"Fall protection\",\"potentialAction\":[{\"@type\":\"SearchAction\",\"target\":{\"@type\":\"EntryPoint\",\"urlTemplate\":\"https:\/\/eu-safety.si\/en\/?s={search_term_string}\"},\"query-input\":{\"@type\":\"PropertyValueSpecification\",\"valueRequired\":true,\"valueName\":\"search_term_string\"}}],\"inLanguage\":\"en-US\"}]}<\/script>\n<!-- \/ Yoast SEO plugin. -->","yoast_head_json":{"title":"PARAPET - Eusafety EN","robots":{"index":"noindex","follow":"follow","max-snippet":"max-snippet:-1","max-image-preview":"max-image-preview:large","max-video-preview":"max-video-preview:-1"},"og_locale":"en_US","og_type":"article","og_title":"PARAPET - Eusafety EN","og_description":"Naslednja re\u0161itev podjetja INNOTECH je varovalna ograja BARRIER-PARAPET, ki se namesti na parapet objekta. Ograja se lahko namesti na zgornjo ali notranjo stran parapeta. Naklon ograje se lahko enostavno nastavi na 90\u1d52, 75\u1d52 ali 60\u1d52. Glede na estetske zahteve stavbe, se ograja lahko popolnoma zlo\u017ei v le\u017ee\u010di polo\u017eaj.","og_url":"https:\/\/eu-safety.si\/en\/trgovina\/lifeline-systems\/barrier\/barrier-for-collective-protection\/parapet\/","og_site_name":"Eusafety EN","article_modified_time":"2020-08-03T19:56:18+00:00","og_image":[{"width":300,"height":289,"url":"https:\/\/eu-safety.si\/en\/wp-content\/uploads\/sites\/4\/2020\/08\/innotech-barrier-parapet.jpg","type":"image\/jpeg"}],"twitter_card":"summary_large_image","schema":{"@context":"https:\/\/schema.org","@graph":[{"@type":"WebPage","@id":"https:\/\/eu-safety.si\/en\/trgovina\/lifeline-systems\/barrier\/barrier-for-collective-protection\/parapet\/","url":"https:\/\/eu-safety.si\/en\/trgovina\/lifeline-systems\/barrier\/barrier-for-collective-protection\/parapet\/","name":"PARAPET - Eusafety EN","isPartOf":{"@id":"https:\/\/eu-safety.si\/en\/#website"},"primaryImageOfPage":{"@id":"https:\/\/eu-safety.si\/en\/trgovina\/lifeline-systems\/barrier\/barrier-for-collective-protection\/parapet\/#primaryimage"},"image":{"@id":"https:\/\/eu-safety.si\/en\/trgovina\/lifeline-systems\/barrier\/barrier-for-collective-protection\/parapet\/#primaryimage"},"thumbnailUrl":"https:\/\/eu-safety.si\/en\/wp-content\/uploads\/sites\/4\/2020\/08\/innotech-barrier-parapet.jpg","datePublished":"2020-08-03T19:55:09+00:00","dateModified":"2020-08-03T19:56:18+00:00","breadcrumb":{"@id":"https:\/\/eu-safety.si\/en\/trgovina\/lifeline-systems\/barrier\/barrier-for-collective-protection\/parapet\/#breadcrumb"},"inLanguage":"en-US","potentialAction":[{"@type":"ReadAction","target":["https:\/\/eu-safety.si\/en\/trgovina\/lifeline-systems\/barrier\/barrier-for-collective-protection\/parapet\/"]}]},{"@type":"ImageObject","inLanguage":"en-US","@id":"https:\/\/eu-safety.si\/en\/trgovina\/lifeline-systems\/barrier\/barrier-for-collective-protection\/parapet\/#primaryimage","url":"https:\/\/eu-safety.si\/en\/wp-content\/uploads\/sites\/4\/2020\/08\/innotech-barrier-parapet.jpg","contentUrl":"https:\/\/eu-safety.si\/en\/wp-content\/uploads\/sites\/4\/2020\/08\/innotech-barrier-parapet.jpg","width":300,"height":289},{"@type":"BreadcrumbList","@id":"https:\/\/eu-safety.si\/en\/trgovina\/lifeline-systems\/barrier\/barrier-for-collective-protection\/parapet\/#breadcrumb","itemListElement":[{"@type":"ListItem","position":1,"name":"Home","item":"https:\/\/eu-safety.si\/en\/"},{"@type":"ListItem","position":2,"name":"Izdelki","item":"https:\/\/eu-safety.si\/en\/shop\/"},{"@type":"ListItem","position":3,"name":"PARAPET"}]},{"@type":"WebSite","@id":"https:\/\/eu-safety.si\/en\/#website","url":"https:\/\/eu-safety.si\/en\/","name":"Eusafety EN","description":"Fall protection","potentialAction":[{"@type":"SearchAction","target":{"@type":"EntryPoint","urlTemplate":"https:\/\/eu-safety.si\/en\/?s={search_term_string}"},"query-input":{"@type":"PropertyValueSpecification","valueRequired":true,"valueName":"search_term_string"}}],"inLanguage":"en-US"}]}},"acf":[],"_links":{"self":[{"href":"https:\/\/eu-safety.si\/en\/wp-json\/wp\/v2\/product\/901","targetHints":{"allow":["GET"]}}],"collection":[{"href":"https:\/\/eu-safety.si\/en\/wp-json\/wp\/v2\/product"}],"about":[{"href":"https:\/\/eu-safety.si\/en\/wp-json\/wp\/v2\/types\/product"}],"wp:featuredmedia":[{"embeddable":true,"href":"https:\/\/eu-safety.si\/en\/wp-json\/wp\/v2\/media\/902"}],"wp:attachment":[{"href":"https:\/\/eu-safety.si\/en\/wp-json\/wp\/v2\/media?parent=901"}],"wp:term":[{"taxonomy":"product_cat","embeddable":true,"href":"https:\/\/eu-safety.si\/en\/wp-json\/wp\/v2\/product_cat?post=901"},{"taxonomy":"product_tag","embeddable":true,"href":"https:\/\/eu-safety.si\/en\/wp-json\/wp\/v2\/product_tag?post=901"}],"curies":[{"name":"wp","href":"https:\/\/api.w.org\/{rel}","templated":true}]}}