{"id":911,"date":"2020-08-03T22:07:56","date_gmt":"2020-08-03T20:07:56","guid":{"rendered":"https:\/\/eu-safety.si\/en\/?post_type=product&#038;p=911"},"modified":"2020-08-03T22:07:56","modified_gmt":"2020-08-03T20:07:56","slug":"limit-sistem-za-omejevanje-dostopa-na-dolocena-nevarna-obmocja","status":"publish","type":"product","link":"https:\/\/eu-safety.si\/en\/trgovina\/lifeline-systems\/restraint-system\/limit-sistem-za-omejevanje-dostopa-na-dolocena-nevarna-obmocja\/","title":{"rendered":"LIMIT (Sistem za omejevanje dostopa na dolo\u010dena nevarna obmo\u010dja)"},"content":{"rendered":"","protected":false},"excerpt":{"rendered":"<p>Nezapletena re\u0161itev LIMIT podjetja INNOTECH nudi popolno za\u0161\u010dito pred potencialnimi viri nevarnosti za ljudi, ki se zaradi svojega dela gibljejo na vi\u0161ini.<br \/>\nSistem je samostoje\u010d, zelo fleksibilen pri uporabi in potrebuje kratek \u010das za namestitev, brez uporabe posebnega orodja.<\/p>\n","protected":false},"featured_media":912,"template":"","meta":{"_acf_changed":false},"product_cat":[31,45],"product_tag":[],"class_list":{"0":"post-911","1":"product","2":"type-product","3":"status-publish","4":"has-post-thumbnail","6":"product_cat-lifeline-systems","7":"product_cat-restraint-system","9":"first","10":"instock","11":"shipping-taxable","12":"product-type-simple"},"yoast_head":"<!-- This site is optimized with the Yoast SEO plugin v24.2 - https:\/\/yoast.com\/wordpress\/plugins\/seo\/ -->\n<title>LIMIT (Sistem za omejevanje dostopa na dolo\u010dena nevarna obmo\u010dja) - Eusafety EN<\/title>\n<meta name=\"robots\" content=\"noindex, follow, max-snippet:-1, max-image-preview:large, max-video-preview:-1\" \/>\n<meta property=\"og:locale\" content=\"en_US\" \/>\n<meta property=\"og:type\" content=\"article\" \/>\n<meta property=\"og:title\" content=\"LIMIT (Sistem za omejevanje dostopa na dolo\u010dena nevarna obmo\u010dja) - Eusafety EN\" \/>\n<meta property=\"og:description\" content=\"Nezapletena re\u0161itev LIMIT podjetja INNOTECH nudi popolno za\u0161\u010dito pred potencialnimi viri nevarnosti za ljudi, ki se zaradi svojega dela gibljejo na vi\u0161ini. Sistem je samostoje\u010d, zelo fleksibilen pri uporabi in potrebuje kratek \u010das za namestitev, brez uporabe posebnega orodja.\" \/>\n<meta property=\"og:url\" content=\"https:\/\/eu-safety.si\/en\/trgovina\/lifeline-systems\/restraint-system\/limit-sistem-za-omejevanje-dostopa-na-dolocena-nevarna-obmocja\/\" \/>\n<meta property=\"og:site_name\" content=\"Eusafety EN\" \/>\n<meta property=\"og:image\" content=\"https:\/\/eu-safety.si\/en\/wp-content\/uploads\/sites\/4\/2020\/08\/innotech-limit.jpg\" \/>\n\t<meta property=\"og:image:width\" content=\"300\" \/>\n\t<meta property=\"og:image:height\" content=\"289\" \/>\n\t<meta property=\"og:image:type\" content=\"image\/jpeg\" \/>\n<meta name=\"twitter:card\" content=\"summary_large_image\" \/>\n<script type=\"application\/ld+json\" class=\"yoast-schema-graph\">{\"@context\":\"https:\/\/schema.org\",\"@graph\":[{\"@type\":\"WebPage\",\"@id\":\"https:\/\/eu-safety.si\/en\/trgovina\/lifeline-systems\/restraint-system\/limit-sistem-za-omejevanje-dostopa-na-dolocena-nevarna-obmocja\/\",\"url\":\"https:\/\/eu-safety.si\/en\/trgovina\/lifeline-systems\/restraint-system\/limit-sistem-za-omejevanje-dostopa-na-dolocena-nevarna-obmocja\/\",\"name\":\"LIMIT (Sistem za omejevanje dostopa na dolo\u010dena nevarna obmo\u010dja) - Eusafety EN\",\"isPartOf\":{\"@id\":\"https:\/\/eu-safety.si\/en\/#website\"},\"primaryImageOfPage\":{\"@id\":\"https:\/\/eu-safety.si\/en\/trgovina\/lifeline-systems\/restraint-system\/limit-sistem-za-omejevanje-dostopa-na-dolocena-nevarna-obmocja\/#primaryimage\"},\"image\":{\"@id\":\"https:\/\/eu-safety.si\/en\/trgovina\/lifeline-systems\/restraint-system\/limit-sistem-za-omejevanje-dostopa-na-dolocena-nevarna-obmocja\/#primaryimage\"},\"thumbnailUrl\":\"https:\/\/eu-safety.si\/en\/wp-content\/uploads\/sites\/4\/2020\/08\/innotech-limit.jpg\",\"datePublished\":\"2020-08-03T20:07:56+00:00\",\"dateModified\":\"2020-08-03T20:07:56+00:00\",\"breadcrumb\":{\"@id\":\"https:\/\/eu-safety.si\/en\/trgovina\/lifeline-systems\/restraint-system\/limit-sistem-za-omejevanje-dostopa-na-dolocena-nevarna-obmocja\/#breadcrumb\"},\"inLanguage\":\"en-US\",\"potentialAction\":[{\"@type\":\"ReadAction\",\"target\":[\"https:\/\/eu-safety.si\/en\/trgovina\/lifeline-systems\/restraint-system\/limit-sistem-za-omejevanje-dostopa-na-dolocena-nevarna-obmocja\/\"]}]},{\"@type\":\"ImageObject\",\"inLanguage\":\"en-US\",\"@id\":\"https:\/\/eu-safety.si\/en\/trgovina\/lifeline-systems\/restraint-system\/limit-sistem-za-omejevanje-dostopa-na-dolocena-nevarna-obmocja\/#primaryimage\",\"url\":\"https:\/\/eu-safety.si\/en\/wp-content\/uploads\/sites\/4\/2020\/08\/innotech-limit.jpg\",\"contentUrl\":\"https:\/\/eu-safety.si\/en\/wp-content\/uploads\/sites\/4\/2020\/08\/innotech-limit.jpg\",\"width\":300,\"height\":289},{\"@type\":\"BreadcrumbList\",\"@id\":\"https:\/\/eu-safety.si\/en\/trgovina\/lifeline-systems\/restraint-system\/limit-sistem-za-omejevanje-dostopa-na-dolocena-nevarna-obmocja\/#breadcrumb\",\"itemListElement\":[{\"@type\":\"ListItem\",\"position\":1,\"name\":\"Home\",\"item\":\"https:\/\/eu-safety.si\/en\/\"},{\"@type\":\"ListItem\",\"position\":2,\"name\":\"Izdelki\",\"item\":\"https:\/\/eu-safety.si\/en\/shop\/\"},{\"@type\":\"ListItem\",\"position\":3,\"name\":\"LIMIT (Sistem za omejevanje dostopa na dolo\u010dena nevarna obmo\u010dja)\"}]},{\"@type\":\"WebSite\",\"@id\":\"https:\/\/eu-safety.si\/en\/#website\",\"url\":\"https:\/\/eu-safety.si\/en\/\",\"name\":\"Eusafety EN\",\"description\":\"Fall protection\",\"potentialAction\":[{\"@type\":\"SearchAction\",\"target\":{\"@type\":\"EntryPoint\",\"urlTemplate\":\"https:\/\/eu-safety.si\/en\/?s={search_term_string}\"},\"query-input\":{\"@type\":\"PropertyValueSpecification\",\"valueRequired\":true,\"valueName\":\"search_term_string\"}}],\"inLanguage\":\"en-US\"}]}<\/script>\n<!-- \/ Yoast SEO plugin. -->","yoast_head_json":{"title":"LIMIT (Sistem za omejevanje dostopa na dolo\u010dena nevarna obmo\u010dja) - Eusafety EN","robots":{"index":"noindex","follow":"follow","max-snippet":"max-snippet:-1","max-image-preview":"max-image-preview:large","max-video-preview":"max-video-preview:-1"},"og_locale":"en_US","og_type":"article","og_title":"LIMIT (Sistem za omejevanje dostopa na dolo\u010dena nevarna obmo\u010dja) - Eusafety EN","og_description":"Nezapletena re\u0161itev LIMIT podjetja INNOTECH nudi popolno za\u0161\u010dito pred potencialnimi viri nevarnosti za ljudi, ki se zaradi svojega dela gibljejo na vi\u0161ini. Sistem je samostoje\u010d, zelo fleksibilen pri uporabi in potrebuje kratek \u010das za namestitev, brez uporabe posebnega orodja.","og_url":"https:\/\/eu-safety.si\/en\/trgovina\/lifeline-systems\/restraint-system\/limit-sistem-za-omejevanje-dostopa-na-dolocena-nevarna-obmocja\/","og_site_name":"Eusafety EN","og_image":[{"width":300,"height":289,"url":"https:\/\/eu-safety.si\/en\/wp-content\/uploads\/sites\/4\/2020\/08\/innotech-limit.jpg","type":"image\/jpeg"}],"twitter_card":"summary_large_image","schema":{"@context":"https:\/\/schema.org","@graph":[{"@type":"WebPage","@id":"https:\/\/eu-safety.si\/en\/trgovina\/lifeline-systems\/restraint-system\/limit-sistem-za-omejevanje-dostopa-na-dolocena-nevarna-obmocja\/","url":"https:\/\/eu-safety.si\/en\/trgovina\/lifeline-systems\/restraint-system\/limit-sistem-za-omejevanje-dostopa-na-dolocena-nevarna-obmocja\/","name":"LIMIT (Sistem za omejevanje dostopa na dolo\u010dena nevarna obmo\u010dja) - Eusafety EN","isPartOf":{"@id":"https:\/\/eu-safety.si\/en\/#website"},"primaryImageOfPage":{"@id":"https:\/\/eu-safety.si\/en\/trgovina\/lifeline-systems\/restraint-system\/limit-sistem-za-omejevanje-dostopa-na-dolocena-nevarna-obmocja\/#primaryimage"},"image":{"@id":"https:\/\/eu-safety.si\/en\/trgovina\/lifeline-systems\/restraint-system\/limit-sistem-za-omejevanje-dostopa-na-dolocena-nevarna-obmocja\/#primaryimage"},"thumbnailUrl":"https:\/\/eu-safety.si\/en\/wp-content\/uploads\/sites\/4\/2020\/08\/innotech-limit.jpg","datePublished":"2020-08-03T20:07:56+00:00","dateModified":"2020-08-03T20:07:56+00:00","breadcrumb":{"@id":"https:\/\/eu-safety.si\/en\/trgovina\/lifeline-systems\/restraint-system\/limit-sistem-za-omejevanje-dostopa-na-dolocena-nevarna-obmocja\/#breadcrumb"},"inLanguage":"en-US","potentialAction":[{"@type":"ReadAction","target":["https:\/\/eu-safety.si\/en\/trgovina\/lifeline-systems\/restraint-system\/limit-sistem-za-omejevanje-dostopa-na-dolocena-nevarna-obmocja\/"]}]},{"@type":"ImageObject","inLanguage":"en-US","@id":"https:\/\/eu-safety.si\/en\/trgovina\/lifeline-systems\/restraint-system\/limit-sistem-za-omejevanje-dostopa-na-dolocena-nevarna-obmocja\/#primaryimage","url":"https:\/\/eu-safety.si\/en\/wp-content\/uploads\/sites\/4\/2020\/08\/innotech-limit.jpg","contentUrl":"https:\/\/eu-safety.si\/en\/wp-content\/uploads\/sites\/4\/2020\/08\/innotech-limit.jpg","width":300,"height":289},{"@type":"BreadcrumbList","@id":"https:\/\/eu-safety.si\/en\/trgovina\/lifeline-systems\/restraint-system\/limit-sistem-za-omejevanje-dostopa-na-dolocena-nevarna-obmocja\/#breadcrumb","itemListElement":[{"@type":"ListItem","position":1,"name":"Home","item":"https:\/\/eu-safety.si\/en\/"},{"@type":"ListItem","position":2,"name":"Izdelki","item":"https:\/\/eu-safety.si\/en\/shop\/"},{"@type":"ListItem","position":3,"name":"LIMIT (Sistem za omejevanje dostopa na dolo\u010dena nevarna obmo\u010dja)"}]},{"@type":"WebSite","@id":"https:\/\/eu-safety.si\/en\/#website","url":"https:\/\/eu-safety.si\/en\/","name":"Eusafety EN","description":"Fall protection","potentialAction":[{"@type":"SearchAction","target":{"@type":"EntryPoint","urlTemplate":"https:\/\/eu-safety.si\/en\/?s={search_term_string}"},"query-input":{"@type":"PropertyValueSpecification","valueRequired":true,"valueName":"search_term_string"}}],"inLanguage":"en-US"}]}},"acf":[],"_links":{"self":[{"href":"https:\/\/eu-safety.si\/en\/wp-json\/wp\/v2\/product\/911","targetHints":{"allow":["GET"]}}],"collection":[{"href":"https:\/\/eu-safety.si\/en\/wp-json\/wp\/v2\/product"}],"about":[{"href":"https:\/\/eu-safety.si\/en\/wp-json\/wp\/v2\/types\/product"}],"wp:featuredmedia":[{"embeddable":true,"href":"https:\/\/eu-safety.si\/en\/wp-json\/wp\/v2\/media\/912"}],"wp:attachment":[{"href":"https:\/\/eu-safety.si\/en\/wp-json\/wp\/v2\/media?parent=911"}],"wp:term":[{"taxonomy":"product_cat","embeddable":true,"href":"https:\/\/eu-safety.si\/en\/wp-json\/wp\/v2\/product_cat?post=911"},{"taxonomy":"product_tag","embeddable":true,"href":"https:\/\/eu-safety.si\/en\/wp-json\/wp\/v2\/product_tag?post=911"}],"curies":[{"name":"wp","href":"https:\/\/api.w.org\/{rel}","templated":true}]}}