{"id":913,"date":"2020-08-03T22:12:04","date_gmt":"2020-08-03T20:12:04","guid":{"rendered":"https:\/\/eu-safety.si\/en\/?post_type=product&#038;p=913"},"modified":"2020-08-03T22:12:05","modified_gmt":"2020-08-03T20:12:05","slug":"lightning-protection-sistem-za-zascito-pred-udarom-strele","status":"publish","type":"product","link":"https:\/\/eu-safety.si\/en\/trgovina\/lifeline-systems\/lightning-protection\/lightning-protection-sistem-za-zascito-pred-udarom-strele\/","title":{"rendered":"LIGHTNING PROTECTION (Sistem za za\u0161\u010dito pred udarom strele)"},"content":{"rendered":"","protected":false},"excerpt":{"rendered":"<p>V sodelovanju s podjetjem O\u00f6 (podjetje za strelovodno za\u0161\u010dito), je INNOTECH razvil nov BIA sistem za za\u0161\u010dito pred strelami. Skozi obstoje\u010de sistemske preizkuse za vse razrede za\u0161\u010dite pred strelo, na\u0161tete komponente izpolnjujejo zahteve glede za\u0161\u010dite pred strelo evropskega standarda \u201e\u00d6VE\/\u00d6NORM EN 62305 3.del &#8211; Za\u0161\u010dita pred strelo &#8211; Fizi\u010dne po\u0161kodbe konstrukcij in \u017eivljenjska nevarnost \u201c. Zaradi vklju\u010ditve vi\u0161inskega varovalnega sistema v sistem za za\u0161\u010dito pred strelo, \u010das namestitve znatno pade, nepotrebni dogodki pa se zmanj\u0161ajo.<br \/>\nBIA sistem za za\u0161\u010dito pred padci in strelo, je edini preizku\u0161eni sistem na trgu. Kompatibilen z vsemi drugimi komponentami AIO vi\u0161inskega varovalnega sistema (EB, SZH, EDLE, GLEIT)<\/p>\n","protected":false},"featured_media":914,"template":"","meta":{"_acf_changed":false},"product_cat":[31,46],"product_tag":[],"class_list":{"0":"post-913","1":"product","2":"type-product","3":"status-publish","4":"has-post-thumbnail","6":"product_cat-lifeline-systems","7":"product_cat-lightning-protection","9":"first","10":"instock","11":"shipping-taxable","12":"product-type-simple"},"yoast_head":"<!-- This site is optimized with the Yoast SEO plugin v24.2 - https:\/\/yoast.com\/wordpress\/plugins\/seo\/ -->\n<title>LIGHTNING PROTECTION (Sistem za za\u0161\u010dito pred udarom strele) - Eusafety EN<\/title>\n<meta name=\"robots\" content=\"noindex, follow, max-snippet:-1, max-image-preview:large, max-video-preview:-1\" \/>\n<meta property=\"og:locale\" content=\"en_US\" \/>\n<meta property=\"og:type\" content=\"article\" \/>\n<meta property=\"og:title\" content=\"LIGHTNING PROTECTION (Sistem za za\u0161\u010dito pred udarom strele) - Eusafety EN\" \/>\n<meta property=\"og:description\" content=\"V sodelovanju s podjetjem O\u00f6 (podjetje za strelovodno za\u0161\u010dito), je INNOTECH razvil nov BIA sistem za za\u0161\u010dito pred strelami. Skozi obstoje\u010de sistemske preizkuse za vse razrede za\u0161\u010dite pred strelo, na\u0161tete komponente izpolnjujejo zahteve glede za\u0161\u010dite pred strelo evropskega standarda \u201e\u00d6VE\/\u00d6NORM EN 62305 3.del - Za\u0161\u010dita pred strelo - Fizi\u010dne po\u0161kodbe konstrukcij in \u017eivljenjska nevarnost \u201c. Zaradi vklju\u010ditve vi\u0161inskega varovalnega sistema v sistem za za\u0161\u010dito pred strelo, \u010das namestitve znatno pade, nepotrebni dogodki pa se zmanj\u0161ajo. BIA sistem za za\u0161\u010dito pred padci in strelo, je edini preizku\u0161eni sistem na trgu. Kompatibilen z vsemi drugimi komponentami AIO vi\u0161inskega varovalnega sistema (EB, SZH, EDLE, GLEIT)\" \/>\n<meta property=\"og:url\" content=\"https:\/\/eu-safety.si\/en\/trgovina\/lifeline-systems\/lightning-protection\/lightning-protection-sistem-za-zascito-pred-udarom-strele\/\" \/>\n<meta property=\"og:site_name\" content=\"Eusafety EN\" \/>\n<meta property=\"article:modified_time\" content=\"2020-08-03T20:12:05+00:00\" \/>\n<meta property=\"og:image\" content=\"https:\/\/eu-safety.si\/en\/wp-content\/uploads\/sites\/4\/2020\/08\/innotech-lightning.jpg\" \/>\n\t<meta property=\"og:image:width\" content=\"300\" \/>\n\t<meta property=\"og:image:height\" content=\"289\" \/>\n\t<meta property=\"og:image:type\" content=\"image\/jpeg\" \/>\n<meta name=\"twitter:card\" content=\"summary_large_image\" \/>\n<script type=\"application\/ld+json\" class=\"yoast-schema-graph\">{\"@context\":\"https:\/\/schema.org\",\"@graph\":[{\"@type\":\"WebPage\",\"@id\":\"https:\/\/eu-safety.si\/en\/trgovina\/lifeline-systems\/lightning-protection\/lightning-protection-sistem-za-zascito-pred-udarom-strele\/\",\"url\":\"https:\/\/eu-safety.si\/en\/trgovina\/lifeline-systems\/lightning-protection\/lightning-protection-sistem-za-zascito-pred-udarom-strele\/\",\"name\":\"LIGHTNING PROTECTION (Sistem za za\u0161\u010dito pred udarom strele) - Eusafety EN\",\"isPartOf\":{\"@id\":\"https:\/\/eu-safety.si\/en\/#website\"},\"primaryImageOfPage\":{\"@id\":\"https:\/\/eu-safety.si\/en\/trgovina\/lifeline-systems\/lightning-protection\/lightning-protection-sistem-za-zascito-pred-udarom-strele\/#primaryimage\"},\"image\":{\"@id\":\"https:\/\/eu-safety.si\/en\/trgovina\/lifeline-systems\/lightning-protection\/lightning-protection-sistem-za-zascito-pred-udarom-strele\/#primaryimage\"},\"thumbnailUrl\":\"https:\/\/eu-safety.si\/en\/wp-content\/uploads\/sites\/4\/2020\/08\/innotech-lightning.jpg\",\"datePublished\":\"2020-08-03T20:12:04+00:00\",\"dateModified\":\"2020-08-03T20:12:05+00:00\",\"breadcrumb\":{\"@id\":\"https:\/\/eu-safety.si\/en\/trgovina\/lifeline-systems\/lightning-protection\/lightning-protection-sistem-za-zascito-pred-udarom-strele\/#breadcrumb\"},\"inLanguage\":\"en-US\",\"potentialAction\":[{\"@type\":\"ReadAction\",\"target\":[\"https:\/\/eu-safety.si\/en\/trgovina\/lifeline-systems\/lightning-protection\/lightning-protection-sistem-za-zascito-pred-udarom-strele\/\"]}]},{\"@type\":\"ImageObject\",\"inLanguage\":\"en-US\",\"@id\":\"https:\/\/eu-safety.si\/en\/trgovina\/lifeline-systems\/lightning-protection\/lightning-protection-sistem-za-zascito-pred-udarom-strele\/#primaryimage\",\"url\":\"https:\/\/eu-safety.si\/en\/wp-content\/uploads\/sites\/4\/2020\/08\/innotech-lightning.jpg\",\"contentUrl\":\"https:\/\/eu-safety.si\/en\/wp-content\/uploads\/sites\/4\/2020\/08\/innotech-lightning.jpg\",\"width\":300,\"height\":289},{\"@type\":\"BreadcrumbList\",\"@id\":\"https:\/\/eu-safety.si\/en\/trgovina\/lifeline-systems\/lightning-protection\/lightning-protection-sistem-za-zascito-pred-udarom-strele\/#breadcrumb\",\"itemListElement\":[{\"@type\":\"ListItem\",\"position\":1,\"name\":\"Home\",\"item\":\"https:\/\/eu-safety.si\/en\/\"},{\"@type\":\"ListItem\",\"position\":2,\"name\":\"Izdelki\",\"item\":\"https:\/\/eu-safety.si\/en\/shop\/\"},{\"@type\":\"ListItem\",\"position\":3,\"name\":\"LIGHTNING PROTECTION (Sistem za za\u0161\u010dito pred udarom strele)\"}]},{\"@type\":\"WebSite\",\"@id\":\"https:\/\/eu-safety.si\/en\/#website\",\"url\":\"https:\/\/eu-safety.si\/en\/\",\"name\":\"Eusafety EN\",\"description\":\"Fall protection\",\"potentialAction\":[{\"@type\":\"SearchAction\",\"target\":{\"@type\":\"EntryPoint\",\"urlTemplate\":\"https:\/\/eu-safety.si\/en\/?s={search_term_string}\"},\"query-input\":{\"@type\":\"PropertyValueSpecification\",\"valueRequired\":true,\"valueName\":\"search_term_string\"}}],\"inLanguage\":\"en-US\"}]}<\/script>\n<!-- \/ Yoast SEO plugin. -->","yoast_head_json":{"title":"LIGHTNING PROTECTION (Sistem za za\u0161\u010dito pred udarom strele) - Eusafety EN","robots":{"index":"noindex","follow":"follow","max-snippet":"max-snippet:-1","max-image-preview":"max-image-preview:large","max-video-preview":"max-video-preview:-1"},"og_locale":"en_US","og_type":"article","og_title":"LIGHTNING PROTECTION (Sistem za za\u0161\u010dito pred udarom strele) - Eusafety EN","og_description":"V sodelovanju s podjetjem O\u00f6 (podjetje za strelovodno za\u0161\u010dito), je INNOTECH razvil nov BIA sistem za za\u0161\u010dito pred strelami. Skozi obstoje\u010de sistemske preizkuse za vse razrede za\u0161\u010dite pred strelo, na\u0161tete komponente izpolnjujejo zahteve glede za\u0161\u010dite pred strelo evropskega standarda \u201e\u00d6VE\/\u00d6NORM EN 62305 3.del - Za\u0161\u010dita pred strelo - Fizi\u010dne po\u0161kodbe konstrukcij in \u017eivljenjska nevarnost \u201c. Zaradi vklju\u010ditve vi\u0161inskega varovalnega sistema v sistem za za\u0161\u010dito pred strelo, \u010das namestitve znatno pade, nepotrebni dogodki pa se zmanj\u0161ajo. BIA sistem za za\u0161\u010dito pred padci in strelo, je edini preizku\u0161eni sistem na trgu. Kompatibilen z vsemi drugimi komponentami AIO vi\u0161inskega varovalnega sistema (EB, SZH, EDLE, GLEIT)","og_url":"https:\/\/eu-safety.si\/en\/trgovina\/lifeline-systems\/lightning-protection\/lightning-protection-sistem-za-zascito-pred-udarom-strele\/","og_site_name":"Eusafety EN","article_modified_time":"2020-08-03T20:12:05+00:00","og_image":[{"width":300,"height":289,"url":"https:\/\/eu-safety.si\/en\/wp-content\/uploads\/sites\/4\/2020\/08\/innotech-lightning.jpg","type":"image\/jpeg"}],"twitter_card":"summary_large_image","schema":{"@context":"https:\/\/schema.org","@graph":[{"@type":"WebPage","@id":"https:\/\/eu-safety.si\/en\/trgovina\/lifeline-systems\/lightning-protection\/lightning-protection-sistem-za-zascito-pred-udarom-strele\/","url":"https:\/\/eu-safety.si\/en\/trgovina\/lifeline-systems\/lightning-protection\/lightning-protection-sistem-za-zascito-pred-udarom-strele\/","name":"LIGHTNING PROTECTION (Sistem za za\u0161\u010dito pred udarom strele) - Eusafety EN","isPartOf":{"@id":"https:\/\/eu-safety.si\/en\/#website"},"primaryImageOfPage":{"@id":"https:\/\/eu-safety.si\/en\/trgovina\/lifeline-systems\/lightning-protection\/lightning-protection-sistem-za-zascito-pred-udarom-strele\/#primaryimage"},"image":{"@id":"https:\/\/eu-safety.si\/en\/trgovina\/lifeline-systems\/lightning-protection\/lightning-protection-sistem-za-zascito-pred-udarom-strele\/#primaryimage"},"thumbnailUrl":"https:\/\/eu-safety.si\/en\/wp-content\/uploads\/sites\/4\/2020\/08\/innotech-lightning.jpg","datePublished":"2020-08-03T20:12:04+00:00","dateModified":"2020-08-03T20:12:05+00:00","breadcrumb":{"@id":"https:\/\/eu-safety.si\/en\/trgovina\/lifeline-systems\/lightning-protection\/lightning-protection-sistem-za-zascito-pred-udarom-strele\/#breadcrumb"},"inLanguage":"en-US","potentialAction":[{"@type":"ReadAction","target":["https:\/\/eu-safety.si\/en\/trgovina\/lifeline-systems\/lightning-protection\/lightning-protection-sistem-za-zascito-pred-udarom-strele\/"]}]},{"@type":"ImageObject","inLanguage":"en-US","@id":"https:\/\/eu-safety.si\/en\/trgovina\/lifeline-systems\/lightning-protection\/lightning-protection-sistem-za-zascito-pred-udarom-strele\/#primaryimage","url":"https:\/\/eu-safety.si\/en\/wp-content\/uploads\/sites\/4\/2020\/08\/innotech-lightning.jpg","contentUrl":"https:\/\/eu-safety.si\/en\/wp-content\/uploads\/sites\/4\/2020\/08\/innotech-lightning.jpg","width":300,"height":289},{"@type":"BreadcrumbList","@id":"https:\/\/eu-safety.si\/en\/trgovina\/lifeline-systems\/lightning-protection\/lightning-protection-sistem-za-zascito-pred-udarom-strele\/#breadcrumb","itemListElement":[{"@type":"ListItem","position":1,"name":"Home","item":"https:\/\/eu-safety.si\/en\/"},{"@type":"ListItem","position":2,"name":"Izdelki","item":"https:\/\/eu-safety.si\/en\/shop\/"},{"@type":"ListItem","position":3,"name":"LIGHTNING PROTECTION (Sistem za za\u0161\u010dito pred udarom strele)"}]},{"@type":"WebSite","@id":"https:\/\/eu-safety.si\/en\/#website","url":"https:\/\/eu-safety.si\/en\/","name":"Eusafety EN","description":"Fall protection","potentialAction":[{"@type":"SearchAction","target":{"@type":"EntryPoint","urlTemplate":"https:\/\/eu-safety.si\/en\/?s={search_term_string}"},"query-input":{"@type":"PropertyValueSpecification","valueRequired":true,"valueName":"search_term_string"}}],"inLanguage":"en-US"}]}},"acf":[],"_links":{"self":[{"href":"https:\/\/eu-safety.si\/en\/wp-json\/wp\/v2\/product\/913","targetHints":{"allow":["GET"]}}],"collection":[{"href":"https:\/\/eu-safety.si\/en\/wp-json\/wp\/v2\/product"}],"about":[{"href":"https:\/\/eu-safety.si\/en\/wp-json\/wp\/v2\/types\/product"}],"wp:featuredmedia":[{"embeddable":true,"href":"https:\/\/eu-safety.si\/en\/wp-json\/wp\/v2\/media\/914"}],"wp:attachment":[{"href":"https:\/\/eu-safety.si\/en\/wp-json\/wp\/v2\/media?parent=913"}],"wp:term":[{"taxonomy":"product_cat","embeddable":true,"href":"https:\/\/eu-safety.si\/en\/wp-json\/wp\/v2\/product_cat?post=913"},{"taxonomy":"product_tag","embeddable":true,"href":"https:\/\/eu-safety.si\/en\/wp-json\/wp\/v2\/product_tag?post=913"}],"curies":[{"name":"wp","href":"https:\/\/api.w.org\/{rel}","templated":true}]}}